{"id":9031,"date":"2023-04-05T11:20:48","date_gmt":"2023-04-05T11:20:48","guid":{"rendered":"https:\/\/www.xn--die-pfeffermhlen-uzb.de\/?post_type=product&#038;p=9031"},"modified":"2026-03-15T07:41:38","modified_gmt":"2026-03-15T07:41:38","slug":"ahorn-26005","status":"publish","type":"product","link":"https:\/\/www.xn--die-pfeffermhlen-uzb.de\/en\/shop\/ahorn-26005\/","title":{"rendered":"maple 26005"},"content":{"rendered":"<p class=\"qtranxs-available-languages-message qtranxs-available-languages-message-en\">Sorry, this entry is only available in <a href=\"https:\/\/www.xn--die-pfeffermhlen-uzb.de\/de\/wp-json\/wp\/v2\/product\/9031\" class=\"qtranxs-available-language-link qtranxs-available-language-link-de\" title=\"Deutsch\">German<\/a>. For the sake of viewer convenience, the content is shown below in the alternative language. You may click the link to switch the active language.<\/p><p><\/p>\n<div><strong>Ahorn<\/strong><strong> 23,7 cm<\/strong><\/div>\n<div>\n<p>Dieses schimmernde Ahornholz hat viel zu bieten. Der r\u00f6tliche lebendige Einschluss in der Mitte ist wilde Maserstruktur &#8211; eine Wucherung kleiner \u00c4stchen im Maserknollenholz. Drumherum dunkler abgesetzte Bereiche die das helle Ahornholz durchziehen.<\/p>\n<p>&nbsp;<\/p>\n<\/div>\n<div><\/div>\n<div><strong>Maserh\u00f6lzer<\/strong> sind Spielereien der Natur und treten entweder in sogenannten Maserknollen, oder in ganzen gemaserten St\u00e4mmen auf. <a title=\"Beschreibung bei Wikipedia\" href=\"http:\/\/de.wikipedia.org\/wiki\/Maserknolle\" target=\"_blank\" rel=\"noopener\"><strong>Maserknollen<\/strong><\/a> sind warzenartige Ausw\u00fcchse an Baumst\u00e4mmen, wie man sie oft an Alleeb\u00e4umen sieht. Eine Anh\u00e4ufung von \u201eschlafenden\u201c Knospen oder wildes Wachstum von hunderten kleiner \u00c4sten gleichzeitig.<\/div>\n<p>Das mehrfache Einlassen mit Hart\u00f6l bietet soliden Schutz und gibt der Holzstruktur Tiefe und Plastizit\u00e4t. Durch die aufw\u00e4ndige Oberfl\u00e4chenbehandlung haben unsere M\u00fchlen eine angenehme samtige Haptik.<br \/>\nDamit die Pfefferm\u00fchlen auch das am Besten tun wof\u00fcr sie geschaffen wurden, bauen wir die hochwertigen Keramikmahlwerke der Firma Crushgrind ein. Aufgrund der ausgekl\u00fcgelten abnutzungsfreien Bauweise gibt die Firma 25 Jahre Garantie auf ihre Mahlwerksteile. Keramik eignet sich f\u00fcr Salze, Pfeffer und Gew\u00fcrze. Durch den einmalig guten Transport dieses Mahlwerks eignet es sich auch f\u00fcr \u00f6ligere und feuchtere Gew\u00fcrze, wie z. B. roten Pfeffer. Keramik ist gesundheitlich unbedenklich und leicht zu reinigen.<\/p>","protected":false},"excerpt":{"rendered":"<p>Sorry, this entry is only available in German. For the sake of viewer convenience, the content is shown below in the alternative language. You may click the link to switch the active language. Ahorn 23,7 cm Dieses schimmernde Ahornholz hat viel zu bieten. Der r\u00f6tliche lebendige Einschluss in der Mitte ist wilde Maserstruktur &#8211; eine [&hellip;]<\/p>\n","protected":false},"featured_media":9427,"template":"","meta":[],"product_cat":[47],"product_tag":[62],"_links":{"self":[{"href":"https:\/\/www.xn--die-pfeffermhlen-uzb.de\/en\/wp-json\/wp\/v2\/product\/9031"}],"collection":[{"href":"https:\/\/www.xn--die-pfeffermhlen-uzb.de\/en\/wp-json\/wp\/v2\/product"}],"about":[{"href":"https:\/\/www.xn--die-pfeffermhlen-uzb.de\/en\/wp-json\/wp\/v2\/types\/product"}],"wp:featuredmedia":[{"embeddable":true,"href":"https:\/\/www.xn--die-pfeffermhlen-uzb.de\/en\/wp-json\/wp\/v2\/media\/9427"}],"wp:attachment":[{"href":"https:\/\/www.xn--die-pfeffermhlen-uzb.de\/en\/wp-json\/wp\/v2\/media?parent=9031"}],"wp:term":[{"taxonomy":"product_cat","embeddable":true,"href":"https:\/\/www.xn--die-pfeffermhlen-uzb.de\/en\/wp-json\/wp\/v2\/product_cat?post=9031"},{"taxonomy":"product_tag","embeddable":true,"href":"https:\/\/www.xn--die-pfeffermhlen-uzb.de\/en\/wp-json\/wp\/v2\/product_tag?post=9031"}],"curies":[{"name":"wp","href":"https:\/\/api.w.org\/{rel}","templated":true}]}}