{"id":8592,"date":"2022-09-08T14:14:09","date_gmt":"2022-09-08T14:14:09","guid":{"rendered":"https:\/\/www.xn--die-pfeffermhlen-uzb.de\/?post_type=product&#038;p=8592"},"modified":"2024-10-21T11:21:25","modified_gmt":"2024-10-21T11:21:25","slug":"eiche-24011-eichequer-24012","status":"publish","type":"product","link":"https:\/\/www.xn--die-pfeffermhlen-uzb.de\/en\/shop\/eiche-24011-eichequer-24012\/","title":{"rendered":"oak burl 22136 22137"},"content":{"rendered":"<p class=\"qtranxs-available-languages-message qtranxs-available-languages-message-en\">Sorry, this entry is only available in <a href=\"https:\/\/www.xn--die-pfeffermhlen-uzb.de\/de\/wp-json\/wp\/v2\/product\/8592\" class=\"qtranxs-available-language-link qtranxs-available-language-link-de\" title=\"Deutsch\">German<\/a>. For the sake of viewer convenience, the content is shown below in the alternative language. You may click the link to switch the active language.<\/p><p><\/p>\n<div>\n<p><strong>Eiche Maserknolle 24,9 cm<\/strong><\/p>\n<p>Dieses Holz einer Eiche-Maserknolle wirkt wie Kork mit einem w\u00e4rmeren Farbton. Das Holz ist allerdings genauso fest und schwer wie man Eiche kennt. Die M\u00fchle hat an einigen Stellen kontrastreiche Rindeneinschl\u00fcsse.<\/p>\n<p><strong>Eiche quer 26,8 cm<\/strong><\/p>\n<p>Eichenholz mit dekorativen Ausbleichungen im Splintholz. Im Kernholz befindet sich so viel Gerbs\u00e4ure, dass das Holz auch durhc lange Lagerung nicht ver\u00e4ndert wird, im Splintholz ergibt sich jedoch ein sch\u00f6nes Muster mit Linien.<\/p>\n<div><\/div>\n<p>&nbsp;<\/p>\n<div><\/div>\n<\/div>\n<p>Das mehrfache Einlassen mit Hart\u00f6l bietet soliden Schutz und gibt der Holzstruktur Tiefe und Plastizit\u00e4t. Durch die aufw\u00e4ndige Oberfl\u00e4chenbehandlung haben unsere M\u00fchlen eine angenehme samtige Haptik.<br \/>\nDamit die Pfefferm\u00fchlen auch das am Besten tun wof\u00fcr sie geschaffen wurden, bauen wir die hochwertigen Keramikmahlwerke der Firma Crushgrind ein. Aufgrund der ausgekl\u00fcgelten abnutzungsfreien Bauweise gibt die Firma 25 Jahre Garantie auf ihre Mahlwerksteile. Keramik eignet sich f\u00fcr Salze, Pfeffer und Gew\u00fcrze. Durch den einmalig guten Transport dieses Mahlwerks eignet es sich auch f\u00fcr \u00f6ligere und feuchtere Gew\u00fcrze, wie z. B. roten Pfeffer. Keramik ist gesundheitlich unbedenklich und leicht zu reinigen.<\/p>","protected":false},"excerpt":{"rendered":"<p>Sorry, this entry is only available in German. For the sake of viewer convenience, the content is shown below in the alternative language. You may click the link to switch the active language. Eiche Maserknolle 24,9 cm Dieses Holz einer Eiche-Maserknolle wirkt wie Kork mit einem w\u00e4rmeren Farbton. Das Holz ist allerdings genauso fest und [&hellip;]<\/p>\n","protected":false},"featured_media":9214,"template":"","meta":[],"product_cat":[46],"product_tag":[56,52,131],"_links":{"self":[{"href":"https:\/\/www.xn--die-pfeffermhlen-uzb.de\/en\/wp-json\/wp\/v2\/product\/8592"}],"collection":[{"href":"https:\/\/www.xn--die-pfeffermhlen-uzb.de\/en\/wp-json\/wp\/v2\/product"}],"about":[{"href":"https:\/\/www.xn--die-pfeffermhlen-uzb.de\/en\/wp-json\/wp\/v2\/types\/product"}],"wp:featuredmedia":[{"embeddable":true,"href":"https:\/\/www.xn--die-pfeffermhlen-uzb.de\/en\/wp-json\/wp\/v2\/media\/9214"}],"wp:attachment":[{"href":"https:\/\/www.xn--die-pfeffermhlen-uzb.de\/en\/wp-json\/wp\/v2\/media?parent=8592"}],"wp:term":[{"taxonomy":"product_cat","embeddable":true,"href":"https:\/\/www.xn--die-pfeffermhlen-uzb.de\/en\/wp-json\/wp\/v2\/product_cat?post=8592"},{"taxonomy":"product_tag","embeddable":true,"href":"https:\/\/www.xn--die-pfeffermhlen-uzb.de\/en\/wp-json\/wp\/v2\/product_tag?post=8592"}],"curies":[{"name":"wp","href":"https:\/\/api.w.org\/{rel}","templated":true}]}}