{"id":8266,"date":"2022-04-16T16:22:24","date_gmt":"2022-04-16T16:22:24","guid":{"rendered":"https:\/\/www.xn--die-pfeffermhlen-uzb.de\/?post_type=product&#038;p=8266"},"modified":"2023-10-16T10:50:23","modified_gmt":"2023-10-16T10:50:23","slug":"muskatmuehle-walnuss-2303006","status":"publish","type":"product","link":"https:\/\/www.xn--die-pfeffermhlen-uzb.de\/en\/shop\/muskatmuehle-walnuss-2303006\/","title":{"rendered":"Nutmeg mill walnut"},"content":{"rendered":"<p><\/p>\n<p>&nbsp;<\/p>\n<p>Nutmeg mill olive wood 10.0 cm (with crank 12.5 cm)<\/p>\n<p>Due to many requests, we now also offer some nutmeg grinders with our unique design with a square basic shape and slightly concave rounded sides. For these nutmeg mills we use the high-quality Swiss grinder from Str\u00e4ssler. To fill, pull the crank up a little and insert the nutmeg into the opening on the side. Slowly let go of the crank, then the nut is gripped by the driver and can be rasped with the crank.<\/p>\n<p>&nbsp;<strong>Nutmeg grinder maroccan thuja 9.7 cm<\/strong> (with crank 12.3 cm)<\/p>\n<p>&nbsp;<\/p>\n<p><strong>Olivenholz<\/strong> \u2013 dieses lebendige wild gemaserte Holz w\u00e4chst im Mittelmeerraum. Das Holz hat eine wundersch\u00f6ne plastische Maserung, in einem warmen Farbton. Olivenholz ist aufgrund seinem nat\u00fcrlich hohen \u00d6lgehalt sehr unempfindlich gegen Feuchtigkeit und wird daher gerne im K\u00fcchenbereich verwendet.Nutmeg mill olive wood 11.7 cm (with crank 14.3 cm)<\/p>\n<p>&nbsp;<\/p>\n<p>Due to many requests, we now also offer some nutmeg grinders with our unique design with a square basic shape and slightly concave rounded sides. For these nutmeg mills we use the high-quality Swiss grinder from Str\u00e4ssler. To fill, pull the crank up a little and insert the nutmeg into the opening on the side. Slowly let go of the crank, then the nut is gripped by the driver and can be rasped with the crank.<\/p>\n<p><strong>Walnut<\/strong> &#8211; This mill is made from the vibrant wild-grained wood of a 400-year-old walnut burl. This noble dark wood with a rarely beautiful grain is usually only imported for the shafts of noble hunting weapons and is very rare and of high quality.<strong>Nutmeg mill walnut 9.5 cm<\/strong> (with crank 12.5 cm)<\/p>\n<p>Due to many requests, we now also offer some nutmeg grinders with our unique design with a square basic shape and slightly concave rounded sides. For these nutmeg mills we use the high-quality Swiss grinder from Str\u00e4ssler. To fill, pull the crank up a little and insert the nutmeg into the opening on the side. Slowly let go of the crank, then the nut is gripped by the driver and can be rasped with the crank.<\/p>\n<p><strong>Walnut<\/strong> &#8211; This mill is made from the vibrant wild-grained wood of a 400-year-old walnut burl. This noble dark wood with a rarely beautiful grain is usually only imported for the shafts of noble hunting weapons and is very rare and of high quality.<\/p>","protected":false},"excerpt":{"rendered":"<p>&nbsp; Nutmeg mill olive wood 10.0 cm (with crank 12.5 cm) Due to many requests, we now also offer some nutmeg grinders with our unique design with a square basic shape and slightly concave rounded sides. For these nutmeg mills we use the high-quality Swiss grinder from Str\u00e4ssler. To fill, pull the crank up a [&hellip;]<\/p>\n","protected":false},"featured_media":8962,"template":"","meta":[],"product_cat":[104],"product_tag":[52,139,95,116],"_links":{"self":[{"href":"https:\/\/www.xn--die-pfeffermhlen-uzb.de\/en\/wp-json\/wp\/v2\/product\/8266"}],"collection":[{"href":"https:\/\/www.xn--die-pfeffermhlen-uzb.de\/en\/wp-json\/wp\/v2\/product"}],"about":[{"href":"https:\/\/www.xn--die-pfeffermhlen-uzb.de\/en\/wp-json\/wp\/v2\/types\/product"}],"wp:featuredmedia":[{"embeddable":true,"href":"https:\/\/www.xn--die-pfeffermhlen-uzb.de\/en\/wp-json\/wp\/v2\/media\/8962"}],"wp:attachment":[{"href":"https:\/\/www.xn--die-pfeffermhlen-uzb.de\/en\/wp-json\/wp\/v2\/media?parent=8266"}],"wp:term":[{"taxonomy":"product_cat","embeddable":true,"href":"https:\/\/www.xn--die-pfeffermhlen-uzb.de\/en\/wp-json\/wp\/v2\/product_cat?post=8266"},{"taxonomy":"product_tag","embeddable":true,"href":"https:\/\/www.xn--die-pfeffermhlen-uzb.de\/en\/wp-json\/wp\/v2\/product_tag?post=8266"}],"curies":[{"name":"wp","href":"https:\/\/api.w.org\/{rel}","templated":true}]}}