{"id":8260,"date":"2022-04-16T15:51:57","date_gmt":"2022-04-16T15:51:57","guid":{"rendered":"https:\/\/www.xn--die-pfeffermhlen-uzb.de\/?post_type=product&#038;p=8260"},"modified":"2022-07-06T13:45:38","modified_gmt":"2022-07-06T13:45:38","slug":"muskatmuehle-kirsche-maser","status":"publish","type":"product","link":"https:\/\/www.xn--die-pfeffermhlen-uzb.de\/en\/shop\/muskatmuehle-kirsche-maser\/","title":{"rendered":"Nutmeg mill Cherry burl"},"content":{"rendered":"<p><strong>Nutmeg mill\u00a0Cherry burl<\/strong> 9.5 cm (with crank 12.5 cm)<\/p>\n<p>Aufgrund vieler Nachfragen bieten wir nun auch einige Muskatm\u00fchlen mit unserem einzigartigem Design mit quadratischer Grundform und leicht konkav abgerundeten Seiten an. F\u00fcr diese Muskatm\u00fchlen verwenden wir das hochwertige schweizer Mahlwerk der Firma Str\u00e4ssler. Zum Bef\u00fcllen ziehen Sie die Kurbel etwas nach oben und f\u00fchren die Muskatnuss in die seitliche \u00d6ffnung. Lassen Sie die Kurbel langsam los, dann wird die Nuss von dem Mitnehmer gegriffen und kann\u00a0 mit der Kurbel geraspelt werden.<\/p>\n<p><strong>Kirsche Maser<\/strong> \u2013 Ein riesiger alter Kirschbaum, wie man ihn selten zu Gesicht bekommt: der Stamm hatte einen Durchmesser von 80 cm und war an mehreren Stellen mit Maserknollen bewachsen. Das Holz dieser uralten Kirsche ist daher viel intensiver gef\u00e4rbt als die meisten anderen einheimischen Kirschb\u00e4ume. Auch die Maserung ist viel verwirbelter und mit haarfeinen kirschroten Linien durchzogen. Dieses Kirschholz haben wir aus Sachsen bekommen.<\/p>\n<p>&nbsp;<\/p>","protected":false},"excerpt":{"rendered":"<p>Nutmeg mill\u00a0Cherry burl 9.5 cm (with crank 12.5 cm) Aufgrund vieler Nachfragen bieten wir nun auch einige Muskatm\u00fchlen mit unserem einzigartigem Design mit quadratischer Grundform und leicht konkav abgerundeten Seiten an. F\u00fcr diese Muskatm\u00fchlen verwenden wir das hochwertige schweizer Mahlwerk der Firma Str\u00e4ssler. Zum Bef\u00fcllen ziehen Sie die Kurbel etwas nach oben und f\u00fchren die [&hellip;]<\/p>\n","protected":false},"featured_media":8254,"template":"","meta":[],"product_cat":[104],"product_tag":[139,66,126],"_links":{"self":[{"href":"https:\/\/www.xn--die-pfeffermhlen-uzb.de\/en\/wp-json\/wp\/v2\/product\/8260"}],"collection":[{"href":"https:\/\/www.xn--die-pfeffermhlen-uzb.de\/en\/wp-json\/wp\/v2\/product"}],"about":[{"href":"https:\/\/www.xn--die-pfeffermhlen-uzb.de\/en\/wp-json\/wp\/v2\/types\/product"}],"wp:featuredmedia":[{"embeddable":true,"href":"https:\/\/www.xn--die-pfeffermhlen-uzb.de\/en\/wp-json\/wp\/v2\/media\/8254"}],"wp:attachment":[{"href":"https:\/\/www.xn--die-pfeffermhlen-uzb.de\/en\/wp-json\/wp\/v2\/media?parent=8260"}],"wp:term":[{"taxonomy":"product_cat","embeddable":true,"href":"https:\/\/www.xn--die-pfeffermhlen-uzb.de\/en\/wp-json\/wp\/v2\/product_cat?post=8260"},{"taxonomy":"product_tag","embeddable":true,"href":"https:\/\/www.xn--die-pfeffermhlen-uzb.de\/en\/wp-json\/wp\/v2\/product_tag?post=8260"}],"curies":[{"name":"wp","href":"https:\/\/api.w.org\/{rel}","templated":true}]}}