{"id":7066,"date":"2021-01-12T13:33:53","date_gmt":"2021-01-12T13:33:53","guid":{"rendered":"https:\/\/www.xn--die-pfeffermhlen-uzb.de\/?post_type=product&#038;p=7066"},"modified":"2021-02-14T16:34:32","modified_gmt":"2021-02-14T16:34:32","slug":"ulme-maser-21008","status":"publish","type":"product","link":"https:\/\/www.xn--die-pfeffermhlen-uzb.de\/en\/shop\/ulme-maser-21008\/","title":{"rendered":"old Elm burl 21008"},"content":{"rendered":"<div>\n<p><strong>Ulme-Maser 23,8<\/strong><strong> cm<\/strong><\/p>\n<\/div>\n<p>Dieses Holz ist zweifarbig und kontrastreich. Den Deckel ziert eine Rindenkante mit Holzwurml\u00f6chern am Rand. Die Bewohner sind ausgezogen.<\/p>\n<p>&nbsp;<\/p>\n<div><strong>Maserh\u00f6lzer<\/strong> sind Spielereien der Natur und treten entweder in sogenannten Maserknollen, oder in ganzen gemaserten St\u00e4mmen auf. <a title=\"Beschreibung bei Wikipedia\" href=\"http:\/\/de.wikipedia.org\/wiki\/Maserknolle\" target=\"_blank\" rel=\"noopener\"><strong>Maserknollen<\/strong><\/a> sind warzenartige Ausw\u00fcchse an Baumst\u00e4mmen, wie man sie oft an Alleeb\u00e4umen sieht. Eine Anh\u00e4ufung von \u201eschlafenden\u201c Knospen oder wildes Wachstum von hunderten kleiner \u00c4sten gleichzeitig.<\/div>\n<p>Das mehrfache Einlassen mit Hart\u00f6l bietet soliden Schutz und gibt der Holzstruktur Tiefe und Plastizit\u00e4t. Durch die aufw\u00e4ndige Oberfl\u00e4chenbehandlung haben unsere M\u00fchlen eine angenehme samtige Haptik.<br \/>\nDamit die Pfefferm\u00fchlen auch das am Besten tun wof\u00fcr sie geschaffen wurden, bauen wir die hochwertigen Keramikmahlwerke der Firma Crushgrind ein. Aufgrund der ausgekl\u00fcgelten abnutzungsfreien Bauweise gibt die Firma 25 Jahre Garantie auf ihre Mahlwerksteile. Keramik eignet sich f\u00fcr Salze, Pfeffer und Gew\u00fcrze. Durch den einmalig guten Transport dieses Mahlwerks eignet es sich auch f\u00fcr \u00f6ligere und feuchtere Gew\u00fcrze, wie z. B. roten Pfeffer. Keramik ist gesundheitlich unbedenklich und leicht zu reinigen.<\/p>\n","protected":false},"excerpt":{"rendered":"<p>Ulme-Maser 23,8 cm Dieses Holz ist zweifarbig und kontrastreich. Den Deckel ziert eine Rindenkante mit Holzwurml\u00f6chern am Rand. Die Bewohner sind ausgezogen. &nbsp; Maserh\u00f6lzer sind Spielereien der Natur und treten entweder in sogenannten Maserknollen, oder in ganzen gemaserten St\u00e4mmen auf. Maserknollen sind warzenartige Ausw\u00fcchse an Baumst\u00e4mmen, wie man sie oft an Alleeb\u00e4umen sieht. Eine Anh\u00e4ufung [&hellip;]<\/p>\n","protected":false},"featured_media":7055,"template":"","meta":[],"product_cat":[45],"product_tag":[52,49],"_links":{"self":[{"href":"https:\/\/www.xn--die-pfeffermhlen-uzb.de\/en\/wp-json\/wp\/v2\/product\/7066"}],"collection":[{"href":"https:\/\/www.xn--die-pfeffermhlen-uzb.de\/en\/wp-json\/wp\/v2\/product"}],"about":[{"href":"https:\/\/www.xn--die-pfeffermhlen-uzb.de\/en\/wp-json\/wp\/v2\/types\/product"}],"wp:featuredmedia":[{"embeddable":true,"href":"https:\/\/www.xn--die-pfeffermhlen-uzb.de\/en\/wp-json\/wp\/v2\/media\/7055"}],"wp:attachment":[{"href":"https:\/\/www.xn--die-pfeffermhlen-uzb.de\/en\/wp-json\/wp\/v2\/media?parent=7066"}],"wp:term":[{"taxonomy":"product_cat","embeddable":true,"href":"https:\/\/www.xn--die-pfeffermhlen-uzb.de\/en\/wp-json\/wp\/v2\/product_cat?post=7066"},{"taxonomy":"product_tag","embeddable":true,"href":"https:\/\/www.xn--die-pfeffermhlen-uzb.de\/en\/wp-json\/wp\/v2\/product_tag?post=7066"}],"curies":[{"name":"wp","href":"https:\/\/api.w.org\/{rel}","templated":true}]}}