{"id":6792,"date":"2020-11-16T08:50:42","date_gmt":"2020-11-16T08:50:42","guid":{"rendered":"https:\/\/www.xn--die-pfeffermhlen-uzb.de\/?post_type=product&#038;p=6792"},"modified":"2021-09-25T13:58:39","modified_gmt":"2021-09-25T13:58:39","slug":"ulme-maser-20178","status":"publish","type":"product","link":"https:\/\/www.xn--die-pfeffermhlen-uzb.de\/en\/shop\/ulme-maser-20178\/","title":{"rendered":"Elm burl 20178"},"content":{"rendered":"<div>\n<p><strong>Ulme-Maser 25,8<\/strong><strong> cm<\/strong><\/p>\n<p>Das Holz f\u00fcr diese M\u00fchle stammt von einer 400 Jahre alten Ulme aus Frankreich. Besonders sch\u00f6n hier die seitliche Rindenkante. Fragen Sie gern wenn Sie diese M\u00fchle im Paar kaufen wollen, nach einer hellen Partnerm\u00fchle mit \u00e4hnlicher Rindenkante.<\/p>\n<p>Das Holz kann auf den Fotos r\u00f6tlicher erscheinen, als es ist.<\/p>\n<\/div>\n<div><strong>Maserh\u00f6lzer<\/strong> sind Spielereien der Natur und treten entweder in sogenannten Maserknollen, oder in ganzen gemaserten St\u00e4mmen auf. <a title=\"Beschreibung bei Wikipedia\" href=\"http:\/\/de.wikipedia.org\/wiki\/Maserknolle\" target=\"_blank\" rel=\"noopener\"><strong>Maserknollen<\/strong><\/a> sind warzenartige Ausw\u00fcchse an Baumst\u00e4mmen, wie man sie oft an Alleeb\u00e4umen sieht. Eine Anh\u00e4ufung von \u201eschlafenden\u201c Knospen oder wildes Wachstum von hunderten kleiner \u00c4sten gleichzeitig.<\/div>\n<p>Das mehrfache Einlassen mit Hart\u00f6l bietet soliden Schutz und gibt der Holzstruktur Tiefe und Plastizit\u00e4t. Durch die aufw\u00e4ndige Oberfl\u00e4chenbehandlung haben unsere M\u00fchlen eine angenehme samtige Haptik.<br \/>\nDamit die Pfefferm\u00fchlen auch das am Besten tun wof\u00fcr sie geschaffen wurden, bauen wir die hochwertigen Keramikmahlwerke der Firma Crushgrind ein. Aufgrund der ausgekl\u00fcgelten abnutzungsfreien Bauweise gibt die Firma 25 Jahre Garantie auf ihre Mahlwerksteile. Keramik eignet sich f\u00fcr Salze, Pfeffer und Gew\u00fcrze. Durch den einmalig guten Transport dieses Mahlwerks eignet es sich auch f\u00fcr \u00f6ligere und feuchtere Gew\u00fcrze, wie z. B. roten Pfeffer. Keramik ist gesundheitlich unbedenklich und leicht zu reinigen.<\/p>\n","protected":false},"excerpt":{"rendered":"<p>Ulme-Maser 25,8 cm Das Holz f\u00fcr diese M\u00fchle stammt von einer 400 Jahre alten Ulme aus Frankreich. Besonders sch\u00f6n hier die seitliche Rindenkante. Fragen Sie gern wenn Sie diese M\u00fchle im Paar kaufen wollen, nach einer hellen Partnerm\u00fchle mit \u00e4hnlicher Rindenkante. Das Holz kann auf den Fotos r\u00f6tlicher erscheinen, als es ist. Maserh\u00f6lzer sind Spielereien [&hellip;]<\/p>\n","protected":false},"featured_media":6752,"template":"","meta":[],"product_cat":[45],"product_tag":[52,49],"_links":{"self":[{"href":"https:\/\/www.xn--die-pfeffermhlen-uzb.de\/en\/wp-json\/wp\/v2\/product\/6792"}],"collection":[{"href":"https:\/\/www.xn--die-pfeffermhlen-uzb.de\/en\/wp-json\/wp\/v2\/product"}],"about":[{"href":"https:\/\/www.xn--die-pfeffermhlen-uzb.de\/en\/wp-json\/wp\/v2\/types\/product"}],"wp:featuredmedia":[{"embeddable":true,"href":"https:\/\/www.xn--die-pfeffermhlen-uzb.de\/en\/wp-json\/wp\/v2\/media\/6752"}],"wp:attachment":[{"href":"https:\/\/www.xn--die-pfeffermhlen-uzb.de\/en\/wp-json\/wp\/v2\/media?parent=6792"}],"wp:term":[{"taxonomy":"product_cat","embeddable":true,"href":"https:\/\/www.xn--die-pfeffermhlen-uzb.de\/en\/wp-json\/wp\/v2\/product_cat?post=6792"},{"taxonomy":"product_tag","embeddable":true,"href":"https:\/\/www.xn--die-pfeffermhlen-uzb.de\/en\/wp-json\/wp\/v2\/product_tag?post=6792"}],"curies":[{"name":"wp","href":"https:\/\/api.w.org\/{rel}","templated":true}]}}