{"id":6671,"date":"2020-10-29T09:53:34","date_gmt":"2020-10-29T09:53:34","guid":{"rendered":"https:\/\/www.xn--die-pfeffermhlen-uzb.de\/?post_type=product&#038;p=6671"},"modified":"2021-02-12T16:52:04","modified_gmt":"2021-02-12T16:52:04","slug":"buchsbaum-20162","status":"publish","type":"product","link":"https:\/\/www.xn--die-pfeffermhlen-uzb.de\/en\/shop\/buchsbaum-20162\/","title":{"rendered":"Snakewood 21011"},"content":{"rendered":"<p><strong>Schlangenholz 26 cm<\/strong><\/p>\n<p>S\u00fcdamerikanisches Schlangenholz, auch Bois de Serpent. Die Oberfl\u00e4che hat eine besondere porige Struktur, die an Bambus erinnert, hier jedoch mit dem Gewicht eines Hartholzes.<\/p>\n<p>&nbsp;<\/p>\n<p>Seiltlich ist eine langezogene Naturkante ohne Rinde, die die M\u00fchle haptisch noch interessanter macht.<\/p>\n<p>&nbsp;<\/p>\n<p>Das mehrfache Einlassen mit Hart\u00f6l bietet soliden Schutz und gibt der Holzstruktur Tiefe und Plastizit\u00e4t. Durch die aufw\u00e4ndige Oberfl\u00e4chenbehandlung haben unsere M\u00fchlen eine angenehme samtige Haptik.<br \/>\nDamit die Pfefferm\u00fchlen auch das am Besten tun wof\u00fcr sie geschaffen wurden, bauen wir die hochwertigen Keramikmahlwerke der Firma Crushgrind ein. Aufgrund der ausgekl\u00fcgelten abnutzungsfreien Bauweise gibt die Firma 25 Jahre Garantie auf ihre Mahlwerksteile. Keramik eignet sich f\u00fcr Salze, Pfeffer und Gew\u00fcrze. Durch den einmalig guten Transport dieses Mahlwerks eignet es sich auch f\u00fcr \u00f6ligere und feuchtere Gew\u00fcrze, wie z. B. roten Pfeffer. Keramik ist gesundheitlich unbedenklich und leicht zu reinigen.<\/p>\n","protected":false},"excerpt":{"rendered":"<p>Schlangenholz 26 cm S\u00fcdamerikanisches Schlangenholz, auch Bois de Serpent. Die Oberfl\u00e4che hat eine besondere porige Struktur, die an Bambus erinnert, hier jedoch mit dem Gewicht eines Hartholzes. &nbsp; Seiltlich ist eine langezogene Naturkante ohne Rinde, die die M\u00fchle haptisch noch interessanter macht. &nbsp; Das mehrfache Einlassen mit Hart\u00f6l bietet soliden Schutz und gibt der Holzstruktur [&hellip;]<\/p>\n","protected":false},"featured_media":7062,"template":"","meta":[],"product_cat":[47],"product_tag":[123],"_links":{"self":[{"href":"https:\/\/www.xn--die-pfeffermhlen-uzb.de\/en\/wp-json\/wp\/v2\/product\/6671"}],"collection":[{"href":"https:\/\/www.xn--die-pfeffermhlen-uzb.de\/en\/wp-json\/wp\/v2\/product"}],"about":[{"href":"https:\/\/www.xn--die-pfeffermhlen-uzb.de\/en\/wp-json\/wp\/v2\/types\/product"}],"wp:featuredmedia":[{"embeddable":true,"href":"https:\/\/www.xn--die-pfeffermhlen-uzb.de\/en\/wp-json\/wp\/v2\/media\/7062"}],"wp:attachment":[{"href":"https:\/\/www.xn--die-pfeffermhlen-uzb.de\/en\/wp-json\/wp\/v2\/media?parent=6671"}],"wp:term":[{"taxonomy":"product_cat","embeddable":true,"href":"https:\/\/www.xn--die-pfeffermhlen-uzb.de\/en\/wp-json\/wp\/v2\/product_cat?post=6671"},{"taxonomy":"product_tag","embeddable":true,"href":"https:\/\/www.xn--die-pfeffermhlen-uzb.de\/en\/wp-json\/wp\/v2\/product_tag?post=6671"}],"curies":[{"name":"wp","href":"https:\/\/api.w.org\/{rel}","templated":true}]}}