{"id":6296,"date":"2020-05-21T20:50:16","date_gmt":"2020-05-21T20:50:16","guid":{"rendered":"https:\/\/www.xn--die-pfeffermhlen-uzb.de\/?post_type=product&#038;p=6296"},"modified":"2021-11-27T06:45:24","modified_gmt":"2021-11-27T06:45:24","slug":"eibe-20023","status":"publish","type":"product","link":"https:\/\/www.xn--die-pfeffermhlen-uzb.de\/en\/shop\/eibe-20023\/","title":{"rendered":"yew 21030"},"content":{"rendered":"<div>\n<p><strong>Eibe 16<\/strong><strong> cm<\/strong><\/p>\n<p>Diese M\u00fchle ist aus dem Holz einer sehr alten Eibe gefertigt, mit ausgelassener Rindenkante, Splintholz und zarten Stocklinien durch einen Pilz.<\/p>\n<p>Durch die Verarbeitung quer zur Holzrichtung entsteht eine graphische Maserung.<\/p>\n<\/div>\n<div><\/div>\n<div><\/div>\n<p>Das mehrfache Einlassen mit Hart\u00f6l bietet soliden Schutz und gibt der Holzstruktur Tiefe und Plastizit\u00e4t. Durch die aufw\u00e4ndige Oberfl\u00e4chenbehandlung haben unsere M\u00fchlen eine angenehme samtige Haptik.<br \/>\nDamit die Pfefferm\u00fchlen auch das am Besten tun wof\u00fcr sie geschaffen wurden, bauen wir die hochwertigen Keramikmahlwerke der Firma Crushgrind ein. Aufgrund der ausgekl\u00fcgelten abnutzungsfreien Bauweise gibt die Firma 25 Jahre Garantie auf ihre Mahlwerksteile. Keramik eignet sich f\u00fcr Salze, Pfeffer und Gew\u00fcrze. Durch den einmalig guten Transport dieses Mahlwerks eignet es sich auch f\u00fcr \u00f6ligere und feuchtere Gew\u00fcrze, wie z. B. roten Pfeffer. Keramik ist gesundheitlich unbedenklich und leicht zu reinigen.<\/p>\n","protected":false},"excerpt":{"rendered":"<p>Eibe 16 cm Diese M\u00fchle ist aus dem Holz einer sehr alten Eibe gefertigt, mit ausgelassener Rindenkante, Splintholz und zarten Stocklinien durch einen Pilz. Durch die Verarbeitung quer zur Holzrichtung entsteht eine graphische Maserung. Das mehrfache Einlassen mit Hart\u00f6l bietet soliden Schutz und gibt der Holzstruktur Tiefe und Plastizit\u00e4t. Durch die aufw\u00e4ndige Oberfl\u00e4chenbehandlung haben unsere [&hellip;]<\/p>\n","protected":false},"featured_media":7115,"template":"","meta":[],"product_cat":[47],"product_tag":[50],"_links":{"self":[{"href":"https:\/\/www.xn--die-pfeffermhlen-uzb.de\/en\/wp-json\/wp\/v2\/product\/6296"}],"collection":[{"href":"https:\/\/www.xn--die-pfeffermhlen-uzb.de\/en\/wp-json\/wp\/v2\/product"}],"about":[{"href":"https:\/\/www.xn--die-pfeffermhlen-uzb.de\/en\/wp-json\/wp\/v2\/types\/product"}],"wp:featuredmedia":[{"embeddable":true,"href":"https:\/\/www.xn--die-pfeffermhlen-uzb.de\/en\/wp-json\/wp\/v2\/media\/7115"}],"wp:attachment":[{"href":"https:\/\/www.xn--die-pfeffermhlen-uzb.de\/en\/wp-json\/wp\/v2\/media?parent=6296"}],"wp:term":[{"taxonomy":"product_cat","embeddable":true,"href":"https:\/\/www.xn--die-pfeffermhlen-uzb.de\/en\/wp-json\/wp\/v2\/product_cat?post=6296"},{"taxonomy":"product_tag","embeddable":true,"href":"https:\/\/www.xn--die-pfeffermhlen-uzb.de\/en\/wp-json\/wp\/v2\/product_tag?post=6296"}],"curies":[{"name":"wp","href":"https:\/\/api.w.org\/{rel}","templated":true}]}}