{"id":6107,"date":"2020-04-02T12:08:19","date_gmt":"2020-04-02T12:08:19","guid":{"rendered":"https:\/\/www.xn--die-pfeffermhlen-uzb.de\/?post_type=product&#038;p=6107"},"modified":"2020-04-04T10:01:35","modified_gmt":"2020-04-04T10:01:35","slug":"myrthe-maser-20010","status":"publish","type":"product","link":"https:\/\/www.xn--die-pfeffermhlen-uzb.de\/en\/shop\/myrthe-maser-20010\/","title":{"rendered":"(Kopie)"},"content":{"rendered":"<p class=\"qtranxs-available-languages-message qtranxs-available-languages-message-en\">Sorry, this entry is only available in <a href=\"https:\/\/www.xn--die-pfeffermhlen-uzb.de\/de\/wp-json\/wp\/v2\/product\/6107\" class=\"qtranxs-available-language-link qtranxs-available-language-link-de\" title=\"Deutsch\">German<\/a>. For the sake of viewer convenience, the content is shown below in the alternative language. You may click the link to switch the active language.<\/p><p><\/p>\n<div>\n<p><strong>Myrthe Maser 13,9<\/strong><strong> cm<\/strong><\/p>\n<p>Ein farbenpr\u00e4chtiges Maserholz mit leichtem \u00e4therischem Duft. Die Farbe changiert gr\u00fcngelblich mit Ausfl\u00fcgen zu rotbraun. Man hat das Gef\u00fchl ins Holz hineinschauen zu k\u00f6nnen. Es schillert und wirkt dreidimensional.<\/p>\n<\/div>\n<div><\/div>\n<div><strong>Maserh\u00f6lzer<\/strong> sind Spielereien der Natur und treten entweder in sogenannten Maserknollen, oder in ganzen gemaserten St\u00e4mmen auf. <a title=\"Beschreibung bei Wikipedia\" href=\"http:\/\/de.wikipedia.org\/wiki\/Maserknolle\" target=\"_blank\" rel=\"noopener\"><strong>Maserknollen<\/strong><\/a> sind warzenartige Ausw\u00fcchse an Baumst\u00e4mmen, wie man sie oft an Alleeb\u00e4umen sieht. Eine Anh\u00e4ufung von \u201eschlafenden\u201c Knospen oder wildes Wachstum von hunderten kleiner \u00c4sten gleichzeitig.<\/div>\n<p>Das mehrfache Einlassen mit Hart\u00f6l bietet soliden Schutz und gibt der Holzstruktur Tiefe und Plastizit\u00e4t. Durch die aufw\u00e4ndige Oberfl\u00e4chenbehandlung haben unsere M\u00fchlen eine angenehme samtige Haptik.<br \/>\nDamit die Pfefferm\u00fchlen auch das am Besten tun wof\u00fcr sie geschaffen wurden, bauen wir die hochwertigen Keramikmahlwerke der Firma Crushgrind ein. Aufgrund der ausgekl\u00fcgelten abnutzungsfreien Bauweise gibt die Firma 25 Jahre Garantie auf ihre Mahlwerksteile. Keramik eignet sich f\u00fcr Salze, Pfeffer und Gew\u00fcrze. Durch den einmalig guten Transport dieses Mahlwerks eignet es sich auch f\u00fcr \u00f6ligere und feuchtere Gew\u00fcrze, wie z. B. roten Pfeffer. Keramik ist gesundheitlich unbedenklich und leicht zu reinigen.<\/p>","protected":false},"excerpt":{"rendered":"<p>Sorry, this entry is only available in German. For the sake of viewer convenience, the content is shown below in the alternative language. You may click the link to switch the active language. Myrthe Maser 13,9 cm Ein farbenpr\u00e4chtiges Maserholz mit leichtem \u00e4therischem Duft. Die Farbe changiert gr\u00fcngelblich mit Ausfl\u00fcgen zu rotbraun. Man hat das [&hellip;]<\/p>\n","protected":false},"featured_media":6100,"template":"","meta":[],"product_cat":[45],"product_tag":[52,108],"_links":{"self":[{"href":"https:\/\/www.xn--die-pfeffermhlen-uzb.de\/en\/wp-json\/wp\/v2\/product\/6107"}],"collection":[{"href":"https:\/\/www.xn--die-pfeffermhlen-uzb.de\/en\/wp-json\/wp\/v2\/product"}],"about":[{"href":"https:\/\/www.xn--die-pfeffermhlen-uzb.de\/en\/wp-json\/wp\/v2\/types\/product"}],"wp:featuredmedia":[{"embeddable":true,"href":"https:\/\/www.xn--die-pfeffermhlen-uzb.de\/en\/wp-json\/wp\/v2\/media\/6100"}],"wp:attachment":[{"href":"https:\/\/www.xn--die-pfeffermhlen-uzb.de\/en\/wp-json\/wp\/v2\/media?parent=6107"}],"wp:term":[{"taxonomy":"product_cat","embeddable":true,"href":"https:\/\/www.xn--die-pfeffermhlen-uzb.de\/en\/wp-json\/wp\/v2\/product_cat?post=6107"},{"taxonomy":"product_tag","embeddable":true,"href":"https:\/\/www.xn--die-pfeffermhlen-uzb.de\/en\/wp-json\/wp\/v2\/product_tag?post=6107"}],"curies":[{"name":"wp","href":"https:\/\/api.w.org\/{rel}","templated":true}]}}