{"id":5966,"date":"2019-11-24T19:44:21","date_gmt":"2019-11-24T19:44:21","guid":{"rendered":"https:\/\/www.xn--die-pfeffermhlen-uzb.de\/?post_type=product&#038;p=5966"},"modified":"2020-09-07T17:50:46","modified_gmt":"2020-09-07T17:50:46","slug":"kirsch-maser-9063","status":"publish","type":"product","link":"https:\/\/www.xn--die-pfeffermhlen-uzb.de\/en\/shop\/kirsch-maser-9063\/","title":{"rendered":"Kirsch-Maser 9063"},"content":{"rendered":"<p class=\"qtranxs-available-languages-message qtranxs-available-languages-message-en\">Sorry, this entry is only available in <a href=\"https:\/\/www.xn--die-pfeffermhlen-uzb.de\/de\/wp-json\/wp\/v2\/product\/5966\" class=\"qtranxs-available-language-link qtranxs-available-language-link-de\" title=\"Deutsch\">German<\/a>. For the sake of viewer convenience, the content is shown below in the alternative language. You may click the link to switch the active language.<\/p><p><\/p>\n<div>\n<p><strong>Kirsch-Maser <\/strong><strong>18,6 cm<\/strong><\/p>\n<\/div>\n<div>Einheimisches Kirschholz in seiner sch\u00f6nsten Form.<\/div>\n<div>Dieses Holz stammt aus der Maserknolle eines sehr alten Baumes mit 80 cm Stammdurchmesser. Das Holz ist durchzogen von ganz feinen kirschroten Linien und es dunkelt mit der Zeit nach und der Farbton wird noch intensiver.<\/div>\n<div><\/div>\n<div><strong>Maserh\u00f6lzer<\/strong> sind Spielereien der Natur und treten entweder in sogenannten Maserknollen, oder in ganzen gemaserten St\u00e4mmen auf. <a title=\"Beschreibung bei Wikipedia\" href=\"http:\/\/de.wikipedia.org\/wiki\/Maserknolle\" target=\"_blank\" rel=\"noopener\"><strong>Maserknollen<\/strong><\/a> sind warzenartige Ausw\u00fcchse an Baumst\u00e4mmen, wie man sie oft an Alleeb\u00e4umen sieht. Eine Anh\u00e4ufung von \u201eschlafenden\u201c Knospen oder wildes Wachstum von hunderten kleiner \u00c4sten gleichzeitig.<\/div>\n<p>Das mehrfache Einlassen mit Hart\u00f6l bietet soliden Schutz und gibt der Holzstruktur Tiefe und Plastizit\u00e4t. Durch die aufw\u00e4ndige Oberfl\u00e4chenbehandlung haben unsere M\u00fchlen eine angenehme samtige Haptik.<br \/>\nDamit die Pfefferm\u00fchlen auch das am Besten tun wof\u00fcr sie geschaffen wurden, bauen wir die hochwertigen Keramikmahlwerke der Firma Crushgrind ein. Aufgrund der ausgekl\u00fcgelten abnutzungsfreien Bauweise gibt die Firma 25 Jahre Garantie auf ihre Mahlwerksteile. Keramik eignet sich f\u00fcr Salze, Pfeffer und Gew\u00fcrze. Durch den einmalig guten Transport dieses Mahlwerks eignet es sich auch f\u00fcr \u00f6ligere und feuchtere Gew\u00fcrze, wie z. B. roten Pfeffer. Keramik ist gesundheitlich unbedenklich und leicht zu reinigen.<\/p>","protected":false},"excerpt":{"rendered":"<p>Sorry, this entry is only available in German. For the sake of viewer convenience, the content is shown below in the alternative language. You may click the link to switch the active language. Kirsch-Maser 18,6 cm Einheimisches Kirschholz in seiner sch\u00f6nsten Form. Dieses Holz stammt aus der Maserknolle eines sehr alten Baumes mit 80 cm [&hellip;]<\/p>\n","protected":false},"featured_media":5947,"template":"","meta":[],"product_cat":[45],"product_tag":[77,52],"_links":{"self":[{"href":"https:\/\/www.xn--die-pfeffermhlen-uzb.de\/en\/wp-json\/wp\/v2\/product\/5966"}],"collection":[{"href":"https:\/\/www.xn--die-pfeffermhlen-uzb.de\/en\/wp-json\/wp\/v2\/product"}],"about":[{"href":"https:\/\/www.xn--die-pfeffermhlen-uzb.de\/en\/wp-json\/wp\/v2\/types\/product"}],"wp:featuredmedia":[{"embeddable":true,"href":"https:\/\/www.xn--die-pfeffermhlen-uzb.de\/en\/wp-json\/wp\/v2\/media\/5947"}],"wp:attachment":[{"href":"https:\/\/www.xn--die-pfeffermhlen-uzb.de\/en\/wp-json\/wp\/v2\/media?parent=5966"}],"wp:term":[{"taxonomy":"product_cat","embeddable":true,"href":"https:\/\/www.xn--die-pfeffermhlen-uzb.de\/en\/wp-json\/wp\/v2\/product_cat?post=5966"},{"taxonomy":"product_tag","embeddable":true,"href":"https:\/\/www.xn--die-pfeffermhlen-uzb.de\/en\/wp-json\/wp\/v2\/product_tag?post=5966"}],"curies":[{"name":"wp","href":"https:\/\/api.w.org\/{rel}","templated":true}]}}