{"id":873,"date":"2014-04-03T15:36:13","date_gmt":"2014-04-03T15:36:13","guid":{"rendered":"http:\/\/www.xn--die-pfeffermhlen-uzb.de\/?page_id=873"},"modified":"2019-10-23T07:46:06","modified_gmt":"2019-10-23T07:46:06","slug":"olivenholz","status":"publish","type":"page","link":"https:\/\/www.xn--die-pfeffermhlen-uzb.de\/en\/wood-and-processing\/olive-wood\/","title":{"rendered":"OLIVE WOOD"},"content":{"rendered":"<p class=\"qtranxs-available-languages-message qtranxs-available-languages-message-en\">Sorry, this entry is only available in <a href=\"https:\/\/www.xn--die-pfeffermhlen-uzb.de\/de\/wp-json\/wp\/v2\/pages\/873\" class=\"qtranxs-available-language-link qtranxs-available-language-link-de\" title=\"Deutsch\">German<\/a>. For the sake of viewer convenience, the content is shown below in the alternative language. You may click the link to switch the active language.<\/p><p><div id=\"metaslider-id-3398\" style=\"max-width: 700px;\" class=\"ml-slider-3-109-0 metaslider metaslider-flex metaslider-3398 ml-slider ms-theme-default nav-hidden\" role=\"region\" aria-label=\"Neue Diashow\" data-height=\"450\" data-width=\"700\">\n    <div id=\"metaslider_container_3398\">\n        <div id=\"metaslider_3398\" class=\"flexslider\">\n            <ul class='slides'>\n                <li style=\"display: block; width: 100%;\" class=\"slide-3399 ms-image \" aria-roledescription=\"slide\" data-date=\"2016-03-08 17:40:37\" data-filename=\"2-unikate.png\" data-slide-type=\"image\"><img src=\"https:\/\/www.xn--die-pfeffermhlen-uzb.de\/wp-content\/uploads\/2016\/03\/2-unikate.png\" height=\"450\" width=\"700\" alt=\"Woodandform Salz- und Pfefferm\u00fchlen \u2013 Unikate in Handarbeit\" class=\"slider-3398 slide-3399 msDefaultImage\" title=\"Woodandform Salz- und Pfefferm\u00fchlen \u2013 Unikate in Handarbeit\" \/><\/li>\n                <li style=\"display: none; width: 100%;\" class=\"slide-3400 ms-image \" aria-roledescription=\"slide\" data-date=\"2016-03-08 17:40:38\" data-filename=\"2-startmuehle.png\" data-slide-type=\"image\"><img src=\"https:\/\/www.xn--die-pfeffermhlen-uzb.de\/wp-content\/uploads\/2016\/03\/2-startmuehle.png\" height=\"450\" width=\"700\" alt=\"Woodandform Salz- und Pfefferm\u00fchlen \u2013 Unikate aus edlem Holz\" class=\"slider-3398 slide-3400 msDefaultImage\" title=\"Woodandform Salz- und Pfefferm\u00fchlen \u2013 Unikate aus edlem Holz\" \/><\/li>\n                <li style=\"display: none; width: 100%;\" class=\"slide-3401 ms-image \" aria-roledescription=\"slide\" data-date=\"2016-03-08 17:40:40\" data-filename=\"2-pfeffer.png\" data-slide-type=\"image\"><img src=\"https:\/\/www.xn--die-pfeffermhlen-uzb.de\/wp-content\/uploads\/2016\/03\/2-pfeffer.png\" height=\"450\" width=\"700\" alt=\"Woodandform Salz- und Pfefferm\u00fchlen \u2013 Keramikmahlwerk einfach zubef\u00fcllen\" class=\"slider-3398 slide-3401 msDefaultImage\" title=\"Woodandform Salz- und Pfefferm\u00fchlen \u2013 Keramikmahlwerk einfach zubef\u00fcllen\" \/><\/li>\n                <li style=\"display: none; width: 100%;\" class=\"slide-3402 ms-image \" aria-roledescription=\"slide\" data-date=\"2016-03-08 17:40:41\" data-filename=\"2-mahlwerk.png\" data-slide-type=\"image\"><img src=\"https:\/\/www.xn--die-pfeffermhlen-uzb.de\/wp-content\/uploads\/2016\/03\/2-mahlwerk.png\" height=\"450\" width=\"700\" alt=\"Woodandform Salz- und Pfefferm\u00fchlen \u2013 mit hochwertigem Keramikmahlwerk \" class=\"slider-3398 slide-3402 msDefaultImage\" title=\"Woodandform Salz- und Pfefferm\u00fchlen \u2013 mit hochwertigem Keramikmahlwerk \" \/><\/li>\n                <li style=\"display: none; width: 100%;\" class=\"slide-3403 ms-image \" aria-roledescription=\"slide\" data-date=\"2016-03-08 17:40:43\" data-filename=\"2-grundform.png\" data-slide-type=\"image\"><img src=\"https:\/\/www.xn--die-pfeffermhlen-uzb.de\/wp-content\/uploads\/2016\/03\/2-grundform.png\" height=\"450\" width=\"700\" alt=\"Woodandform Salz- und Pfefferm\u00fchlen \u2013 mit quadratischer Grundform\" class=\"slider-3398 slide-3403 msDefaultImage\" title=\"Woodandform Salz- und Pfefferm\u00fchlen \u2013 mit quadratischer Grundform\" \/><\/li>\n                <li style=\"display: none; width: 100%;\" class=\"slide-3404 ms-image \" aria-roledescription=\"slide\" data-date=\"2016-03-08 17:40:44\" data-filename=\"2-amboina.png\" data-slide-type=\"image\"><img src=\"https:\/\/www.xn--die-pfeffermhlen-uzb.de\/wp-content\/uploads\/2016\/03\/2-amboina.png\" height=\"450\" width=\"700\" alt=\"\" class=\"slider-3398 slide-3404 msDefaultImage\" \/><\/li>\n            <\/ul>\n        <\/div>\n        \n    <\/div>\n<\/div><\/p>\n<h1>Woodandform Design Pfefferm\u00fchle aus Olivenholz<\/h1>\n<p>Eine Pfefferm\u00fchle aus Olivenholz ist sehr beliebt. Olivenholz ist so bekannt, dass es oft die erste Frage ist, wenn Menschen die ausgefallenen Maserungen unserer Woodandform Pfefferm\u00fchlen sehen. Es ist jedoch nur ein Holz unter vielen und es gibt viel anderes Holz noch zu entdecken. Olivenholz kann vor allem mit der Olivesche leicht verwechselt werden.<\/p>\n<p><img decoding=\"async\" loading=\"lazy\" class=\"alignleft size-medium wp-image-879\" title=\"quadratische Pfefferm\u00fchle aus wildem Olivenholz\" src=\"http:\/\/www.xn--die-pfeffermhlen-uzb.de\/wp-content\/uploads\/2014\/04\/3041-olive-210x300.jpg\" alt=\"Pfefferm\u00fchle aus Olivenholz Woodandform 3041\" width=\"210\" height=\"300\" srcset=\"https:\/\/www.xn--die-pfeffermhlen-uzb.de\/wp-content\/uploads\/2014\/04\/3041-olive-210x300.jpg 210w, https:\/\/www.xn--die-pfeffermhlen-uzb.de\/wp-content\/uploads\/2014\/04\/3041-olive-350x500.jpg 350w, https:\/\/www.xn--die-pfeffermhlen-uzb.de\/wp-content\/uploads\/2014\/04\/3041-olive-500x714.jpg 500w, https:\/\/www.xn--die-pfeffermhlen-uzb.de\/wp-content\/uploads\/2014\/04\/3041-olive-63x90.jpg 63w, https:\/\/www.xn--die-pfeffermhlen-uzb.de\/wp-content\/uploads\/2014\/04\/3041-olive-245x350.jpg 245w, https:\/\/www.xn--die-pfeffermhlen-uzb.de\/wp-content\/uploads\/2014\/04\/3041-olive.jpg 560w\" sizes=\"(max-width: 210px) 100vw, 210px\" \/>\u00a0\u00a0\u00a0<a href=\"http:\/\/www.xn--die-pfeffermhlen-uzb.de\/wp-content\/uploads\/2014\/04\/5051a-Olivenholz-gro\u00df.jpg\"><img decoding=\"async\" loading=\"lazy\" class=\"alignleft wp-image-3927 size-medium\" title=\"Woodandform Pfefferm\u00fchle aus Olivenholz mit Kern- und Splintholz\" src=\"http:\/\/www.xn--die-pfeffermhlen-uzb.de\/wp-content\/uploads\/2014\/04\/5051a-Olivenholz-gro\u00df-210x300.jpg\" alt=\"\" width=\"210\" height=\"300\" srcset=\"https:\/\/www.xn--die-pfeffermhlen-uzb.de\/wp-content\/uploads\/2014\/04\/5051a-Olivenholz-gro\u00df-210x300.jpg 210w, https:\/\/www.xn--die-pfeffermhlen-uzb.de\/wp-content\/uploads\/2014\/04\/5051a-Olivenholz-gro\u00df-350x500.jpg 350w, https:\/\/www.xn--die-pfeffermhlen-uzb.de\/wp-content\/uploads\/2014\/04\/5051a-Olivenholz-gro\u00df-500x714.jpg 500w, https:\/\/www.xn--die-pfeffermhlen-uzb.de\/wp-content\/uploads\/2014\/04\/5051a-Olivenholz-gro\u00df-63x90.jpg 63w, https:\/\/www.xn--die-pfeffermhlen-uzb.de\/wp-content\/uploads\/2014\/04\/5051a-Olivenholz-gro\u00df-245x350.jpg 245w, https:\/\/www.xn--die-pfeffermhlen-uzb.de\/wp-content\/uploads\/2014\/04\/5051a-Olivenholz-gro\u00df.jpg 560w\" sizes=\"(max-width: 210px) 100vw, 210px\" \/><\/a>\u00a0\u00a0\u00a0<img decoding=\"async\" loading=\"lazy\" class=\"alignleft size-medium wp-image-884\" title=\"konische Pfefferm\u00fchle Olivenholz vom Olivenbaum mit dunklem Kernholz\" src=\"http:\/\/www.xn--die-pfeffermhlen-uzb.de\/wp-content\/uploads\/2014\/04\/3054-Olive_Splint-210x300.jpg\" alt=\"Olivenbaum Woodandform Pfefferm\u00fchle 3054\" width=\"210\" height=\"300\" srcset=\"https:\/\/www.xn--die-pfeffermhlen-uzb.de\/wp-content\/uploads\/2014\/04\/3054-Olive_Splint-210x300.jpg 210w, https:\/\/www.xn--die-pfeffermhlen-uzb.de\/wp-content\/uploads\/2014\/04\/3054-Olive_Splint-350x500.jpg 350w, https:\/\/www.xn--die-pfeffermhlen-uzb.de\/wp-content\/uploads\/2014\/04\/3054-Olive_Splint-500x714.jpg 500w, https:\/\/www.xn--die-pfeffermhlen-uzb.de\/wp-content\/uploads\/2014\/04\/3054-Olive_Splint-63x90.jpg 63w, https:\/\/www.xn--die-pfeffermhlen-uzb.de\/wp-content\/uploads\/2014\/04\/3054-Olive_Splint-245x350.jpg 245w, https:\/\/www.xn--die-pfeffermhlen-uzb.de\/wp-content\/uploads\/2014\/04\/3054-Olive_Splint.jpg 560w\" sizes=\"(max-width: 210px) 100vw, 210px\" \/><\/p>\n<p>Olivenholz hat eine intensive gelblich braune Maserung. Das Holz ist recht \u00f6lig und daher schwer zu bearbeiten. Es duftet stark nach seinem typischen \u00e4therischem \u00d6l.<\/p>\n<p>Der <span style=\"text-decoration: underline;\"><a title=\"Olivenholz vom Olivenbaum oder \u00d6lbaum bei Wikipedia\" href=\" http:\/\/de.wikipedia.org\/wiki\/Olivenbaum\" target=\"_blank\" rel=\"noopener noreferrer\">Olivenbaum<\/a><\/span>, auch als der biblische \u00d6lbaum bekannt, wird in der mediterranen Kulturlandschaft seit Jahrtausenden kultiviert. Er ist ein sehr langsam wachsender, immergr\u00fcner knorriger Baum. Olivenb\u00e4ume k\u00f6nnen mehrere Hundert Jahre alt werden. Sie tragen reichlich Fr\u00fcchte bis ins hohe Alter von \u00fcber 1000 Jahren. Daher werden Olivenb\u00e4ume selten gef\u00e4llt und das Olivenholz ist sehr wertvoll, selten und begehrt.<\/p>\n<p><a href=\"http:\/\/www.xn--die-pfeffermhlen-uzb.de\/wp-content\/uploads\/2014\/04\/bis_zu_1000_Jahre_alte-Olivenba\u0308ume.jpg\"><img decoding=\"async\" loading=\"lazy\" class=\"alignleft wp-image-900 size-medium\" title=\"altes knorriges Olivenholz (Quelle: WIkipedia)\" src=\"http:\/\/www.xn--die-pfeffermhlen-uzb.de\/wp-content\/uploads\/2014\/04\/bis_zu_1000_Jahre_alte-Olivenba\u0308ume-224x300.jpg\" alt=\"\" width=\"224\" height=\"300\" \/><\/a><\/p>\n<p>Die gr\u00fcnen Oliven werden zur Herstellung von feinem Speise\u00f6l verwendet. Das <span style=\"text-decoration: underline;\"><a title=\"Wikipedia zu Oliven\u00f6l\" href=\"http:\/\/de.wikipedia.org\/wiki\/Oliven%C3%B6l\" target=\"_blank\" rel=\"noopener noreferrer\">Oliven\u00f6l<\/a><\/span> enth\u00e4lt im Vergleich zu anderen hochwertigen Speise\u00f6len eher wenig mehrfach unges\u00e4ttigte Fetts\u00e4uren und ist dadurch etwas stabiler. Die gr\u00fcnen unreifen sowie die ausgereiften schwarzen Oliven sind in Salzlake eingelegt eine Delikatesse. Auch getrocknet in \u00d6l und mit Kr\u00e4utern werden sie gern verzehrt.<\/p>\n<p>Da die alten Olivenb\u00e4ume sehr knorrig wachsen, zeichnet sich das Holz oft durch eine sehr wilde dekorative Maserung aus. Besonders das alte Kernholz des Olivenbaums ist mit dunklen unregelm\u00e4\u00dfigen Adern durchzogen. Das j\u00fcngere Splintholz ist eher heller und gleichm\u00e4\u00dfig homogen. F\u00fcr unsere Woodandform Pfefferm\u00fchlen aus Olivenholz verwenden wir gerne eine Kombination aus Kern- und Splintholz. Und nat\u00fcrlch sind diese Pfefferm\u00fchlen mit dem besten Keramikmahlwerk von <span style=\"text-decoration: underline;\"><a title=\"MAHLWERK\" href=\"http:\/\/www.xn--die-pfeffermhlen-uzb.de\/woodandform-hochwertiges-keramikmahlwerk-von-crushgrind\/\">Crushgrind<\/a><\/span> ausgestattet.<\/p>\n<p>Aufgrund des hohen Anteils an antiseptischem \u00e4therischen \u00d6l ist das Olivenholz recht unempfindlich gegen Sch\u00e4dlinge und Feuchtigkeit. Daher ist Olivenholz traditionell sehr beliebt zur Herstellung von K\u00fcchenutensilien. In der Gourmetk\u00fcche wird neben hochwertigem Oliven\u00f6l auch gerne der Salat mit einem Salatbesteck aus Olivenholz angerichtet. Es gibt Schneidbretter, Schalen, M\u00f6rser und Pfannenwender aus Olivenholz.<\/p>\n<p>Nat\u00fcrlich kommt dieses aussergew\u00f6hnliche Holz auch bei einer Pfefferm\u00fchle aus Olivenholz mit der typischen quadratischen Grundform von Woodandform besonders sch\u00f6n zur Geltung. Wir haben einige St\u00fccke Olivenholz direkt von kleinen Olivenbauern in Ligurien und der Toskana mitgebracht, so k\u00f6nnen wir immer eine kleine Geschichte \u00fcber die Herkunft des Holzes erz\u00e4hlen.<\/p>\n<p><a href=\"http:\/\/www.xn--die-pfeffermhlen-uzb.de\/wp-content\/uploads\/2014\/04\/Olivenba\u0308ume.jpg\"><img decoding=\"async\" loading=\"lazy\" class=\"alignleft wp-image-3933 size-medium\" src=\"http:\/\/www.xn--die-pfeffermhlen-uzb.de\/wp-content\/uploads\/2014\/04\/Olivenba\u0308ume-300x220.jpg\" alt=\"\" width=\"300\" height=\"220\" srcset=\"https:\/\/www.xn--die-pfeffermhlen-uzb.de\/wp-content\/uploads\/2014\/04\/Olivenba\u0308ume-300x220.jpg 300w, https:\/\/www.xn--die-pfeffermhlen-uzb.de\/wp-content\/uploads\/2014\/04\/Olivenba\u0308ume-350x257.jpg 350w, https:\/\/www.xn--die-pfeffermhlen-uzb.de\/wp-content\/uploads\/2014\/04\/Olivenba\u0308ume-500x367.jpg 500w, https:\/\/www.xn--die-pfeffermhlen-uzb.de\/wp-content\/uploads\/2014\/04\/Olivenba\u0308ume-90x66.jpg 90w, https:\/\/www.xn--die-pfeffermhlen-uzb.de\/wp-content\/uploads\/2014\/04\/Olivenba\u0308ume.jpg 600w\" sizes=\"(max-width: 300px) 100vw, 300px\" \/><\/a><\/p>\n<p>&nbsp;<\/p>","protected":false},"excerpt":{"rendered":"<p>Sorry, this entry is only available in German. For the sake of viewer convenience, the content is shown below in the alternative language. You may click the link to switch the active language. Woodandform Design Pfefferm\u00fchle aus Olivenholz Eine Pfefferm\u00fchle aus Olivenholz ist sehr beliebt. Olivenholz ist so bekannt, dass es oft die erste Frage [&hellip;]<\/p>\n","protected":false},"author":2,"featured_media":0,"parent":2,"menu_order":3,"comment_status":"closed","ping_status":"closed","template":"","meta":[],"_links":{"self":[{"href":"https:\/\/www.xn--die-pfeffermhlen-uzb.de\/en\/wp-json\/wp\/v2\/pages\/873"}],"collection":[{"href":"https:\/\/www.xn--die-pfeffermhlen-uzb.de\/en\/wp-json\/wp\/v2\/pages"}],"about":[{"href":"https:\/\/www.xn--die-pfeffermhlen-uzb.de\/en\/wp-json\/wp\/v2\/types\/page"}],"author":[{"embeddable":true,"href":"https:\/\/www.xn--die-pfeffermhlen-uzb.de\/en\/wp-json\/wp\/v2\/users\/2"}],"replies":[{"embeddable":true,"href":"https:\/\/www.xn--die-pfeffermhlen-uzb.de\/en\/wp-json\/wp\/v2\/comments?post=873"}],"version-history":[{"count":33,"href":"https:\/\/www.xn--die-pfeffermhlen-uzb.de\/en\/wp-json\/wp\/v2\/pages\/873\/revisions"}],"predecessor-version":[{"id":3934,"href":"https:\/\/www.xn--die-pfeffermhlen-uzb.de\/en\/wp-json\/wp\/v2\/pages\/873\/revisions\/3934"}],"up":[{"embeddable":true,"href":"https:\/\/www.xn--die-pfeffermhlen-uzb.de\/en\/wp-json\/wp\/v2\/pages\/2"}],"wp:attachment":[{"href":"https:\/\/www.xn--die-pfeffermhlen-uzb.de\/en\/wp-json\/wp\/v2\/media?parent=873"}],"curies":[{"name":"wp","href":"https:\/\/api.w.org\/{rel}","templated":true}]}}