{"id":392,"date":"2013-08-26T10:54:37","date_gmt":"2013-08-26T10:54:37","guid":{"rendered":"http:\/\/www.xn--die-pfeffermhlen-uzb.de\/"},"modified":"2016-03-08T18:25:45","modified_gmt":"2016-03-08T18:25:45","slug":"das-geniale-keramik-mahlwerk-von-crushgrind","status":"publish","type":"page","link":"https:\/\/www.xn--die-pfeffermhlen-uzb.de\/en\/grinding-mechanism\/das-geniale-keramik-mahlwerk-von-crushgrind\/","title":{"rendered":"Das geniale Keramik-Mahlwerk von CrushGrind"},"content":{"rendered":"<p><br \/>\n<div id=\"metaslider-id-3398\" style=\"max-width: 700px;\" class=\"ml-slider-3-109-0 metaslider metaslider-flex metaslider-3398 ml-slider ms-theme-default nav-hidden nav-hidden\" role=\"region\" aria-label=\"Neue Diashow\" data-height=\"450\" data-width=\"700\">\n    <div id=\"metaslider_container_3398\">\n        <div id=\"metaslider_3398\" class=\"flexslider\">\n            <ul class='slides'>\n                <li style=\"display: block; width: 100%;\" class=\"slide-3399 ms-image \" aria-roledescription=\"slide\" data-date=\"2016-03-08 17:40:37\" data-filename=\"2-unikate.png\" data-slide-type=\"image\"><img src=\"https:\/\/www.xn--die-pfeffermhlen-uzb.de\/wp-content\/uploads\/2016\/03\/2-unikate.png\" height=\"450\" width=\"700\" alt=\"Woodandform Salz- und Pfefferm\u00fchlen \u2013 Unikate in Handarbeit\" class=\"slider-3398 slide-3399 msDefaultImage\" title=\"Woodandform Salz- und Pfefferm\u00fchlen \u2013 Unikate in Handarbeit\" \/><\/li>\n                <li style=\"display: none; width: 100%;\" class=\"slide-3400 ms-image \" aria-roledescription=\"slide\" data-date=\"2016-03-08 17:40:38\" data-filename=\"2-startmuehle.png\" data-slide-type=\"image\"><img src=\"https:\/\/www.xn--die-pfeffermhlen-uzb.de\/wp-content\/uploads\/2016\/03\/2-startmuehle.png\" height=\"450\" width=\"700\" alt=\"Woodandform Salz- und Pfefferm\u00fchlen \u2013 Unikate aus edlem Holz\" class=\"slider-3398 slide-3400 msDefaultImage\" title=\"Woodandform Salz- und Pfefferm\u00fchlen \u2013 Unikate aus edlem Holz\" \/><\/li>\n                <li style=\"display: none; width: 100%;\" class=\"slide-3401 ms-image \" aria-roledescription=\"slide\" data-date=\"2016-03-08 17:40:40\" data-filename=\"2-pfeffer.png\" data-slide-type=\"image\"><img src=\"https:\/\/www.xn--die-pfeffermhlen-uzb.de\/wp-content\/uploads\/2016\/03\/2-pfeffer.png\" height=\"450\" width=\"700\" alt=\"Woodandform Salz- und Pfefferm\u00fchlen \u2013 Keramikmahlwerk einfach zubef\u00fcllen\" class=\"slider-3398 slide-3401 msDefaultImage\" title=\"Woodandform Salz- und Pfefferm\u00fchlen \u2013 Keramikmahlwerk einfach zubef\u00fcllen\" \/><\/li>\n                <li style=\"display: none; width: 100%;\" class=\"slide-3402 ms-image \" aria-roledescription=\"slide\" data-date=\"2016-03-08 17:40:41\" data-filename=\"2-mahlwerk.png\" data-slide-type=\"image\"><img src=\"https:\/\/www.xn--die-pfeffermhlen-uzb.de\/wp-content\/uploads\/2016\/03\/2-mahlwerk.png\" height=\"450\" width=\"700\" alt=\"Woodandform Salz- und Pfefferm\u00fchlen \u2013 mit hochwertigem Keramikmahlwerk \" class=\"slider-3398 slide-3402 msDefaultImage\" title=\"Woodandform Salz- und Pfefferm\u00fchlen \u2013 mit hochwertigem Keramikmahlwerk \" \/><\/li>\n                <li style=\"display: none; width: 100%;\" class=\"slide-3403 ms-image \" aria-roledescription=\"slide\" data-date=\"2016-03-08 17:40:43\" data-filename=\"2-grundform.png\" data-slide-type=\"image\"><img src=\"https:\/\/www.xn--die-pfeffermhlen-uzb.de\/wp-content\/uploads\/2016\/03\/2-grundform.png\" height=\"450\" width=\"700\" alt=\"Woodandform Salz- und Pfefferm\u00fchlen \u2013 mit quadratischer Grundform\" class=\"slider-3398 slide-3403 msDefaultImage\" title=\"Woodandform Salz- und Pfefferm\u00fchlen \u2013 mit quadratischer Grundform\" \/><\/li>\n                <li style=\"display: none; width: 100%;\" class=\"slide-3404 ms-image \" aria-roledescription=\"slide\" data-date=\"2016-03-08 17:40:44\" data-filename=\"2-amboina.png\" data-slide-type=\"image\"><img src=\"https:\/\/www.xn--die-pfeffermhlen-uzb.de\/wp-content\/uploads\/2016\/03\/2-amboina.png\" height=\"450\" width=\"700\" alt=\"\" class=\"slider-3398 slide-3404 msDefaultImage\" \/><\/li>\n            <\/ul>\n        <\/div>\n        \n    <\/div>\n<\/div><\/p>\n<h1>Die Erfolgs-Story von CrushGrind\u00ae \u2013 dem weltweit besten Keramik-Mahlwerk<\/h1>\n<p>Im Jahr 1991 fand eine kleine unbedeutende Einweg-Pfefferm\u00fchle der Firma &#8220;IDEAS of Denmark&#8221; den Weg in einen Supermarkt. Die M\u00fchle wurde 15 Jahre zuvor von dem japanischen Erfinder, Mitsui Kamioka entwickelt und es scheint, niemand hatte etwas Besonderes an dem Produkt bemerkt. Der Mechanismus wurde aus Keramik \u00e4hnlich wie altem M\u00f6rtel gemacht. Anfangs waren die Keramikmahlkegel sehr empfindlich und brachen leicht.<\/p>\n<p>Im Jahr 1992 begann die Entwicklung der <a href=\"http:\/\/www.ideas-denmark.com\/technologies\/crushgrind\/\" target=\"_blank\">CrushGrind\u00ae-Mahlwerke <\/a>mit ehrgeizigen Zielen. So wurde ein Mehrzweck-Keramik-Mahlwerk nicht nur f\u00fcr Pfeffer, sondern auch f\u00fcr Salz, Gew\u00fcrze, Kr\u00e4uter und Mischungen wie Curry entwickelt. Ein High-Tech Mahlwerk so hervorragend wie das ber\u00fchmte Peugeot Pfeffermahlwerk 150 Jahre zuvor dessen Funktion bisher unerreicht blieb. Die Keramikbauteile angepasst, um in modernen Produktionsanlagen hergestellt zu werden mit verbesserter Funktion um auch viele Gew\u00fcrze zu verarbeiten.<\/p>\n<p>Im Jahr 1994 stellte CrushGrind das erste und einzige Keramik-Mehrzweckmahlwerk f\u00fcr Pfeffer-, Salz- und Gew\u00fcrzm\u00fchlen vor. Ein ausgekl\u00fcgelter Mechanismus h\u00e4lt die Mahlkegel in Position, sodass sie sich nicht mehr zerreiben k\u00f6nnen. Ein spezieller Mitnehmer wird im Kopf der M\u00fchlen montiert und so er\u00fcbrigt sich die problematische Kopfschraube. Zum Bef\u00fcllen wird die M\u00fchle einfach auseinander gezogen und durch eine eingebaute Klemmfeder wird der Kopf beim Mahlen gut gehalten.<\/p>\n<p>Seit der Markteinf\u00fchrung haben sich die Keramikmahlwerke, dank ihrer verbesserten Funktions- und Mahleigenschaften weltweit durchgesetzt. Sie wurden sehr schnell von vielen f\u00fchrenden Herstellern von Pfeffer-, Salz- und Gew\u00fcrzm\u00fchlen wie WMF, Tupperware, Zwilling, Alessi, Leifheit, Silit und vielen anderen eingebaut und es wurden seither weltweit mehr als 30 Millionen CrushGrind\u00ae Mahlwerke verkauft.<\/p>\n<p>Der Hersteller CrushGrind\u00ae gibt 25 Jahre Jahre Garantie auf die Mahlwerksteile und wir von Woodandform sind stolz darauf das sicher beste Mahlwerk der Welt, das<a title=\"Das weltweit beste Keramik Mahlwerk\" href=\"http:\/\/www.ideas-denmark.com\/technologies\/crushgrind\/mechanisms\/shaft\/\" target=\"_blank\"> CrushGrind\u00ae DIAMOND Shaft<\/a>, in unsere hochwertigen Designer-M\u00fchlen zu bauen.<\/p>\n<p><a href=\"http:\/\/www.ideas-denmark.com\/technologies\/crushgrind\/\" target=\"_blank\"><img decoding=\"async\" loading=\"lazy\" class=\"alignleft size-medium wp-image-408\" title=\"CrushGrind-Shaft1\" src=\"http:\/\/www.xn--die-pfeffermhlen-uzb.de\/wp-content\/uploads\/2013\/08\/CrushGrind-Shaft1-300x225.jpg\" alt=\"CrushGrind\u00ae DIAMOND Shaft\" width=\"300\" height=\"225\" srcset=\"https:\/\/www.xn--die-pfeffermhlen-uzb.de\/wp-content\/uploads\/2013\/08\/CrushGrind-Shaft1-300x225.jpg 300w, https:\/\/www.xn--die-pfeffermhlen-uzb.de\/wp-content\/uploads\/2013\/08\/CrushGrind-Shaft1-1024x768.jpg 1024w, https:\/\/www.xn--die-pfeffermhlen-uzb.de\/wp-content\/uploads\/2013\/08\/CrushGrind-Shaft1-160x120.jpg 160w, https:\/\/www.xn--die-pfeffermhlen-uzb.de\/wp-content\/uploads\/2013\/08\/CrushGrind-Shaft1.jpg 1360w\" sizes=\"(max-width: 300px) 100vw, 300px\" \/><\/a><\/p>","protected":false},"excerpt":{"rendered":"<p>Die Erfolgs-Story von CrushGrind\u00ae \u2013 dem weltweit besten Keramik-Mahlwerk Im Jahr 1991 fand eine kleine unbedeutende Einweg-Pfefferm\u00fchle der Firma &#8220;IDEAS of Denmark&#8221; den Weg in einen Supermarkt. Die M\u00fchle wurde 15 Jahre zuvor von dem japanischen Erfinder, Mitsui Kamioka entwickelt und es scheint, niemand hatte etwas Besonderes an dem Produkt bemerkt. Der Mechanismus wurde aus [&hellip;]<\/p>\n","protected":false},"author":2,"featured_media":0,"parent":10,"menu_order":42,"comment_status":"closed","ping_status":"closed","template":"","meta":[],"_links":{"self":[{"href":"https:\/\/www.xn--die-pfeffermhlen-uzb.de\/en\/wp-json\/wp\/v2\/pages\/392"}],"collection":[{"href":"https:\/\/www.xn--die-pfeffermhlen-uzb.de\/en\/wp-json\/wp\/v2\/pages"}],"about":[{"href":"https:\/\/www.xn--die-pfeffermhlen-uzb.de\/en\/wp-json\/wp\/v2\/types\/page"}],"author":[{"embeddable":true,"href":"https:\/\/www.xn--die-pfeffermhlen-uzb.de\/en\/wp-json\/wp\/v2\/users\/2"}],"replies":[{"embeddable":true,"href":"https:\/\/www.xn--die-pfeffermhlen-uzb.de\/en\/wp-json\/wp\/v2\/comments?post=392"}],"version-history":[{"count":16,"href":"https:\/\/www.xn--die-pfeffermhlen-uzb.de\/en\/wp-json\/wp\/v2\/pages\/392\/revisions"}],"predecessor-version":[{"id":3420,"href":"https:\/\/www.xn--die-pfeffermhlen-uzb.de\/en\/wp-json\/wp\/v2\/pages\/392\/revisions\/3420"}],"up":[{"embeddable":true,"href":"https:\/\/www.xn--die-pfeffermhlen-uzb.de\/en\/wp-json\/wp\/v2\/pages\/10"}],"wp:attachment":[{"href":"https:\/\/www.xn--die-pfeffermhlen-uzb.de\/en\/wp-json\/wp\/v2\/media?parent=392"}],"curies":[{"name":"wp","href":"https:\/\/api.w.org\/{rel}","templated":true}]}}