{"id":3602,"date":"2016-09-30T07:05:50","date_gmt":"2016-09-30T07:05:50","guid":{"rendered":"http:\/\/www.xn--die-pfeffermhlen-uzb.de\/?page_id=3602"},"modified":"2019-10-23T07:46:05","modified_gmt":"2019-10-23T07:46:05","slug":"buchsbaum","status":"publish","type":"page","link":"https:\/\/www.xn--die-pfeffermhlen-uzb.de\/en\/wood-and-processing\/deutsch-buchsbaum\/","title":{"rendered":"Buchsbaum"},"content":{"rendered":"<p class=\"qtranxs-available-languages-message qtranxs-available-languages-message-en\">Sorry, this entry is only available in <a href=\"https:\/\/www.xn--die-pfeffermhlen-uzb.de\/de\/wp-json\/wp\/v2\/pages\/3602\" class=\"qtranxs-available-language-link qtranxs-available-language-link-de\" title=\"Deutsch\">German<\/a>. For the sake of viewer convenience, the content is shown below in the alternative language. You may click the link to switch the active language.<\/p><p><div id=\"metaslider-id-3398\" style=\"max-width: 700px;\" class=\"ml-slider-3-109-0 metaslider metaslider-flex metaslider-3398 ml-slider ms-theme-default nav-hidden\" role=\"region\" aria-label=\"Neue Diashow\" data-height=\"450\" data-width=\"700\">\n    <div id=\"metaslider_container_3398\">\n        <div id=\"metaslider_3398\" class=\"flexslider\">\n            <ul class='slides'>\n                <li style=\"display: block; width: 100%;\" class=\"slide-3399 ms-image \" aria-roledescription=\"slide\" data-date=\"2016-03-08 17:40:37\" data-filename=\"2-unikate.png\" data-slide-type=\"image\"><img src=\"https:\/\/www.xn--die-pfeffermhlen-uzb.de\/wp-content\/uploads\/2016\/03\/2-unikate.png\" height=\"450\" width=\"700\" alt=\"Woodandform Salz- und Pfefferm\u00fchlen \u2013 Unikate in Handarbeit\" class=\"slider-3398 slide-3399 msDefaultImage\" title=\"Woodandform Salz- und Pfefferm\u00fchlen \u2013 Unikate in Handarbeit\" \/><\/li>\n                <li style=\"display: none; width: 100%;\" class=\"slide-3400 ms-image \" aria-roledescription=\"slide\" data-date=\"2016-03-08 17:40:38\" data-filename=\"2-startmuehle.png\" data-slide-type=\"image\"><img src=\"https:\/\/www.xn--die-pfeffermhlen-uzb.de\/wp-content\/uploads\/2016\/03\/2-startmuehle.png\" height=\"450\" width=\"700\" alt=\"Woodandform Salz- und Pfefferm\u00fchlen \u2013 Unikate aus edlem Holz\" class=\"slider-3398 slide-3400 msDefaultImage\" title=\"Woodandform Salz- und Pfefferm\u00fchlen \u2013 Unikate aus edlem Holz\" \/><\/li>\n                <li style=\"display: none; width: 100%;\" class=\"slide-3401 ms-image \" aria-roledescription=\"slide\" data-date=\"2016-03-08 17:40:40\" data-filename=\"2-pfeffer.png\" data-slide-type=\"image\"><img src=\"https:\/\/www.xn--die-pfeffermhlen-uzb.de\/wp-content\/uploads\/2016\/03\/2-pfeffer.png\" height=\"450\" width=\"700\" alt=\"Woodandform Salz- und Pfefferm\u00fchlen \u2013 Keramikmahlwerk einfach zubef\u00fcllen\" class=\"slider-3398 slide-3401 msDefaultImage\" title=\"Woodandform Salz- und Pfefferm\u00fchlen \u2013 Keramikmahlwerk einfach zubef\u00fcllen\" \/><\/li>\n                <li style=\"display: none; width: 100%;\" class=\"slide-3402 ms-image \" aria-roledescription=\"slide\" data-date=\"2016-03-08 17:40:41\" data-filename=\"2-mahlwerk.png\" data-slide-type=\"image\"><img src=\"https:\/\/www.xn--die-pfeffermhlen-uzb.de\/wp-content\/uploads\/2016\/03\/2-mahlwerk.png\" height=\"450\" width=\"700\" alt=\"Woodandform Salz- und Pfefferm\u00fchlen \u2013 mit hochwertigem Keramikmahlwerk \" class=\"slider-3398 slide-3402 msDefaultImage\" title=\"Woodandform Salz- und Pfefferm\u00fchlen \u2013 mit hochwertigem Keramikmahlwerk \" \/><\/li>\n                <li style=\"display: none; width: 100%;\" class=\"slide-3403 ms-image \" aria-roledescription=\"slide\" data-date=\"2016-03-08 17:40:43\" data-filename=\"2-grundform.png\" data-slide-type=\"image\"><img src=\"https:\/\/www.xn--die-pfeffermhlen-uzb.de\/wp-content\/uploads\/2016\/03\/2-grundform.png\" height=\"450\" width=\"700\" alt=\"Woodandform Salz- und Pfefferm\u00fchlen \u2013 mit quadratischer Grundform\" class=\"slider-3398 slide-3403 msDefaultImage\" title=\"Woodandform Salz- und Pfefferm\u00fchlen \u2013 mit quadratischer Grundform\" \/><\/li>\n                <li style=\"display: none; width: 100%;\" class=\"slide-3404 ms-image \" aria-roledescription=\"slide\" data-date=\"2016-03-08 17:40:44\" data-filename=\"2-amboina.png\" data-slide-type=\"image\"><img src=\"https:\/\/www.xn--die-pfeffermhlen-uzb.de\/wp-content\/uploads\/2016\/03\/2-amboina.png\" height=\"450\" width=\"700\" alt=\"\" class=\"slider-3398 slide-3404 msDefaultImage\" \/><\/li>\n            <\/ul>\n        <\/div>\n        \n    <\/div>\n<\/div><\/p>\n<h1>Der Buchsbaum<\/h1>\n<p>Vielen als kleines immergr\u00fcnes\u00a0Ziergeh\u00f6lz aus G\u00e4rten bekannt, kann der Buchsbaum, wenn wenn man ihm ein paar Jahrhunderte Zeit l\u00e4sst bis zu 20 Meter gro\u00df werden. Da er sehr langsam und gleichm\u00e4\u00dfig w\u00e4chst, ist\u00a0das gelbliche Holz sehr dicht und homogen und hat feinste, kaum sichtbare Jahresringe.<\/p>\n<p>Wir hatten das Gl\u00fcck aus einer 100-j\u00e4hrigen Hecke bei Salzburg einige stattliche, armdicke St\u00fccke zu bekommen und haben daraus wundersch\u00f6ne M\u00fchlen mit dem\u00a0hochwertigen Keramikmahlwerk gefertigt.<\/p>\n<p>Das Kern- und Splintholz des Buchsbaum unterscheidet sich nur wenig, sodass das schwere Holz einen sch\u00f6nen gleichm\u00e4\u00dfigen wei\u00dflich gelben Farbton hat.<\/p>\n<p><a href=\"http:\/\/www.xn--die-pfeffermhlen-uzb.de\/wp-content\/uploads\/2016\/09\/buchsbaum.png\"><img decoding=\"async\" loading=\"lazy\" class=\"alignleft wp-image-3607\" src=\"http:\/\/www.xn--die-pfeffermhlen-uzb.de\/wp-content\/uploads\/2016\/09\/buchsbaum-1024x338.png\" alt=\"buchsbaum\" width=\"909\" height=\"300\" srcset=\"https:\/\/www.xn--die-pfeffermhlen-uzb.de\/wp-content\/uploads\/2016\/09\/buchsbaum-1024x338.png 1024w, https:\/\/www.xn--die-pfeffermhlen-uzb.de\/wp-content\/uploads\/2016\/09\/buchsbaum-350x115.png 350w, https:\/\/www.xn--die-pfeffermhlen-uzb.de\/wp-content\/uploads\/2016\/09\/buchsbaum-500x165.png 500w, https:\/\/www.xn--die-pfeffermhlen-uzb.de\/wp-content\/uploads\/2016\/09\/buchsbaum-300x99.png 300w, https:\/\/www.xn--die-pfeffermhlen-uzb.de\/wp-content\/uploads\/2016\/09\/buchsbaum-768x253.png 768w, https:\/\/www.xn--die-pfeffermhlen-uzb.de\/wp-content\/uploads\/2016\/09\/buchsbaum-90x30.png 90w\" sizes=\"(max-width: 909px) 100vw, 909px\" \/><\/a><\/p>\n<p>Schon in der Antike wurde das Holz f\u00fcr seine feinen Eigenschaften, die an Elfenbein erinnern, gesch\u00e4tzt. So wurden aus den meist kleinen St\u00fccken edle Dosen und K\u00e4stchen gefertigt. Daher wird auch der Name Buchs, f\u00fcr B\u00fcchse (engl. box) seinen Ursprung hier haben. Althochdeutsch auch Bosbaaum, Bussborn, englisch boxwood, oder franz\u00f6sisch buis wie bo\u00eete.<\/p>\n<p>Schon in den vorchristlichen Kulturen Mesopotamiens und \u00c4gyptens wurden seine herausragenden Eigenschaften erkannt und daraus Siegel, K\u00e4mme Schatullen und kleine Statuen geschaffen. Diese sind heute aufgrund der H\u00e4rte und Langlebigkeit teilweise noch erhalten. \u00a0Auch die Druckst\u00f6cke f\u00fcr die in China entwickelte Buchdruckkunst wurden aus dort heimischem Buchsbaumholz hergestellt.<\/p>\n<p>Heute fertigt man edle Blckfl\u00f6ten und Schachfiguren aus diesem sch\u00f6nen, selten gewordenen Material.<\/p>\n<p><a href=\"http:\/\/www.xn--die-pfeffermhlen-uzb.de\/wp-content\/uploads\/2016\/09\/Buchsbaum-Pfeffermuehlen3.png\"><img decoding=\"async\" loading=\"lazy\" class=\"alignleft size-large wp-image-3603\" src=\"http:\/\/www.xn--die-pfeffermhlen-uzb.de\/wp-content\/uploads\/2016\/09\/Buchsbaum-Pfeffermuehlen3-1024x372.png\" alt=\"Buchsbaum-Pfeffermuehlen\" width=\"909\" height=\"300\" \/><\/a><\/p>","protected":false},"excerpt":{"rendered":"<p>Sorry, this entry is only available in German. For the sake of viewer convenience, the content is shown below in the alternative language. You may click the link to switch the active language. Der Buchsbaum Vielen als kleines immergr\u00fcnes\u00a0Ziergeh\u00f6lz aus G\u00e4rten bekannt, kann der Buchsbaum, wenn wenn man ihm ein paar Jahrhunderte Zeit l\u00e4sst bis [&hellip;]<\/p>\n","protected":false},"author":2,"featured_media":0,"parent":2,"menu_order":2,"comment_status":"closed","ping_status":"closed","template":"","meta":[],"_links":{"self":[{"href":"https:\/\/www.xn--die-pfeffermhlen-uzb.de\/en\/wp-json\/wp\/v2\/pages\/3602"}],"collection":[{"href":"https:\/\/www.xn--die-pfeffermhlen-uzb.de\/en\/wp-json\/wp\/v2\/pages"}],"about":[{"href":"https:\/\/www.xn--die-pfeffermhlen-uzb.de\/en\/wp-json\/wp\/v2\/types\/page"}],"author":[{"embeddable":true,"href":"https:\/\/www.xn--die-pfeffermhlen-uzb.de\/en\/wp-json\/wp\/v2\/users\/2"}],"replies":[{"embeddable":true,"href":"https:\/\/www.xn--die-pfeffermhlen-uzb.de\/en\/wp-json\/wp\/v2\/comments?post=3602"}],"version-history":[{"count":6,"href":"https:\/\/www.xn--die-pfeffermhlen-uzb.de\/en\/wp-json\/wp\/v2\/pages\/3602\/revisions"}],"predecessor-version":[{"id":3925,"href":"https:\/\/www.xn--die-pfeffermhlen-uzb.de\/en\/wp-json\/wp\/v2\/pages\/3602\/revisions\/3925"}],"up":[{"embeddable":true,"href":"https:\/\/www.xn--die-pfeffermhlen-uzb.de\/en\/wp-json\/wp\/v2\/pages\/2"}],"wp:attachment":[{"href":"https:\/\/www.xn--die-pfeffermhlen-uzb.de\/en\/wp-json\/wp\/v2\/media?parent=3602"}],"curies":[{"name":"wp","href":"https:\/\/api.w.org\/{rel}","templated":true}]}}