{"id":2740,"date":"2015-08-24T08:43:35","date_gmt":"2015-08-24T08:43:35","guid":{"rendered":"http:\/\/www.xn--die-pfeffermhlen-uzb.de\/?page_id=2740"},"modified":"2017-11-06T16:56:34","modified_gmt":"2017-11-06T16:56:34","slug":"ein-ideales-hochzeitsgeschenk","status":"publish","type":"page","link":"https:\/\/www.xn--die-pfeffermhlen-uzb.de\/en\/blog\/ein-ideales-hochzeitsgeschenk\/","title":{"rendered":"Ein ideales Hochzeitsgeschenk"},"content":{"rendered":"<p><\/p>\n<h1>Handgefertigte Woodandform Salz- und Pfefferm\u00fchlen \u2013 Ein ideales Hochzeitsgeschenk<\/h1>\n<p>Was muss ein ideales Hochzeitsgeschenk sein, damit es wirklich lange Freude macht? Wenn man im Internet auf den einschl\u00e4gigen Seiten st\u00f6bert findet man eine Menge originelles, witziges und leider auch \u00fcberfl\u00fcssiges Zeug.<\/p>\n<p>Wir meinen ein ideales Hochzeitsgeschenk sollte vor allen wirklich sch\u00f6n sein, es sollte etwas sein, dass das <a href=\"https:\/\/de.wikipedia.org\/wiki\/Hochzeitsbrauch\" target=\"_blank\">frisch verm\u00e4hlte Hochzeitspaar<\/a> auch tats\u00e4chlich brauchen kann und es sollte so hochwertig und langlebig sein, dass es auch Omas Anspr\u00fcchen f\u00fcr ein ein ideales Hochzeitsgeschenk f\u00fcrs ganze Leben entsprechen kann.<\/p>\n<p>Und wenn es dann wirklich gef\u00e4llt, dann werden Sie ein ideales Hochzeitsgeschenk auch bei allen Ihren Besuchen auch nach Jahren immer wieder zu Gesicht bekommen und in Gebrauch sehen. Ein ideales Hochzeitsgeschenk sollte ja nicht einfach in der letzten Ecke vom Schrank verschwinden weil es zu nichts zu gebrauchen und auch nicht sch\u00f6n ist. Eigentlich w\u00fcrde man diese Art von Geschenken lieber diskret entsorgen, aber es ist ja eben ein Geschenk.<\/p>\n<p><a href=\"http:\/\/www.xn--die-pfeffermhlen-uzb.de\/wp-content\/uploads\/2015\/08\/Perfekte-Paare.jpg\"><img decoding=\"async\" loading=\"lazy\" class=\"alignleft size-large wp-image-2710\" src=\"http:\/\/www.xn--die-pfeffermhlen-uzb.de\/wp-content\/uploads\/2015\/08\/Perfekte-Paare-1024x244.jpg\" alt=\"ein ideales Hochzeitgeschenk \u2013 die perfekten Paare von Woodandform\" width=\"700\" height=\"163\" srcset=\"https:\/\/www.xn--die-pfeffermhlen-uzb.de\/wp-content\/uploads\/2015\/08\/Perfekte-Paare-350x83.jpg 350w, https:\/\/www.xn--die-pfeffermhlen-uzb.de\/wp-content\/uploads\/2015\/08\/Perfekte-Paare-300x71.jpg 300w, https:\/\/www.xn--die-pfeffermhlen-uzb.de\/wp-content\/uploads\/2015\/08\/Perfekte-Paare-90x21.jpg 90w\" sizes=\"(max-width: 700px) 100vw, 700px\" \/><\/a><\/p>\n<p>Also was k\u00f6nnte es f\u00fcr ein idealeres Hochzeitsgeschenk geben als eine Pfefferm\u00fchle von Woodandform oder vielleicht sogar ein <a href=\"http:\/\/www.xn--die-pfeffermhlen-uzb.de\/perfekte-paare-salz-und-pfeffermuehlen-sets\/\">perfektes Paar als ein ideales Hochzeitsgeschenk<\/a> als Salz- und Pfefferm\u00fchlen-Set?<\/p>\n<p>Woodandform Salz- und Pfefferm\u00fchlen mit dem hochwertigen Keramikmahlwerk sind nicht nur wirklich sch\u00f6n und ganz individuell, sie sind auch richtig hochwertig und langlebig. Daher gibt es auch 25 Jahre Garantie auf das Keramikmahlwerk. Ein Geschenk f\u00fcrs\u00b4s Leben also, ein ideales Hochzeitsgeschenk.<\/p>\n<p><a href=\"http:\/\/www.xn--die-pfeffermhlen-uzb.de\/wp-content\/uploads\/2015\/08\/Pfeffermuehlen-Hochzeits-Gravur.jpg\"><img decoding=\"async\" loading=\"lazy\" class=\"alignleft wp-image-2944 size-medium\" src=\"http:\/\/www.xn--die-pfeffermhlen-uzb.de\/wp-content\/uploads\/2015\/08\/Pfeffermuehlen-Hochzeits-Gravur-300x210.jpg\" alt=\"Pfeffermuehlen-Hochzeits-Gravur\" width=\"300\" height=\"210\" srcset=\"https:\/\/www.xn--die-pfeffermhlen-uzb.de\/wp-content\/uploads\/2015\/08\/Pfeffermuehlen-Hochzeits-Gravur-300x210.jpg 300w, https:\/\/www.xn--die-pfeffermhlen-uzb.de\/wp-content\/uploads\/2015\/08\/Pfeffermuehlen-Hochzeits-Gravur-500x350.jpg 500w, https:\/\/www.xn--die-pfeffermhlen-uzb.de\/wp-content\/uploads\/2015\/08\/Pfeffermuehlen-Hochzeits-Gravur-350x245.jpg 350w, https:\/\/www.xn--die-pfeffermhlen-uzb.de\/wp-content\/uploads\/2015\/08\/Pfeffermuehlen-Hochzeits-Gravur-768x538.jpg 768w, https:\/\/www.xn--die-pfeffermhlen-uzb.de\/wp-content\/uploads\/2015\/08\/Pfeffermuehlen-Hochzeits-Gravur-90x63.jpg 90w, https:\/\/www.xn--die-pfeffermhlen-uzb.de\/wp-content\/uploads\/2015\/08\/Pfeffermuehlen-Hochzeits-Gravur.jpg 800w\" sizes=\"(max-width: 300px) 100vw, 300px\" \/><\/a><\/p>\n<p style=\"text-align: left;\">&nbsp;<\/p>\n<p style=\"text-align: left;\">&nbsp;<\/p>\n<p style=\"text-align: left;\">&nbsp;<\/p>\n<p style=\"text-align: left;\">&nbsp;<\/p>\n<p style=\"text-align: left;\">&nbsp;<\/p>\n<p style=\"text-align: left;\">&nbsp;<\/p>\n<p style=\"text-align: left;\">&nbsp;<\/p>\n<p>Und auf Wunsch gravieren wir auch eine pers\u00f6nliche Widmung in das Holz ein. Dann kann sich das gl\u00fcckliche Paar auch noch nach vielen Jahren an dieses besondere Hochzeitsgeschenk erinnern.<\/p>\n<p><a href=\"http:\/\/www.xn--die-pfeffermhlen-uzb.de\/wp-content\/uploads\/2015\/08\/Ein-ideales-Hochzeitsgeschenk.png\"><img decoding=\"async\" loading=\"lazy\" class=\"alignleft size-large wp-image-2743\" src=\"http:\/\/www.xn--die-pfeffermhlen-uzb.de\/wp-content\/uploads\/2015\/08\/Ein-ideales-Hochzeitsgeschenk-1024x244.png\" alt=\"Woodandform Salz- und Pfefferm\u00fchlen aus Holz - Ein ideales Hochzeitsgeschenk\" width=\"700\" height=\"163\" srcset=\"https:\/\/www.xn--die-pfeffermhlen-uzb.de\/wp-content\/uploads\/2015\/08\/Ein-ideales-Hochzeitsgeschenk-350x83.png 350w, https:\/\/www.xn--die-pfeffermhlen-uzb.de\/wp-content\/uploads\/2015\/08\/Ein-ideales-Hochzeitsgeschenk-300x71.png 300w, https:\/\/www.xn--die-pfeffermhlen-uzb.de\/wp-content\/uploads\/2015\/08\/Ein-ideales-Hochzeitsgeschenk-90x21.png 90w\" sizes=\"(max-width: 700px) 100vw, 700px\" \/><\/a><\/p>\n<p style=\"text-align: left;\">&nbsp;<\/p>\n<p style=\"text-align: left;\">&nbsp;<\/p>\n<p style=\"text-align: left;\">&nbsp;<\/p>\n<p><\/p>","protected":false},"excerpt":{"rendered":"<p>Handgefertigte Woodandform Salz- und Pfefferm\u00fchlen \u2013 Ein ideales Hochzeitsgeschenk Was muss ein ideales Hochzeitsgeschenk sein, damit es wirklich lange Freude macht? Wenn man im Internet auf den einschl\u00e4gigen Seiten st\u00f6bert findet man eine Menge originelles, witziges und leider auch \u00fcberfl\u00fcssiges Zeug. Wir meinen ein ideales Hochzeitsgeschenk sollte vor allen wirklich sch\u00f6n sein, es sollte etwas [&hellip;]<\/p>\n","protected":false},"author":2,"featured_media":0,"parent":2355,"menu_order":101,"comment_status":"closed","ping_status":"closed","template":"","meta":[],"_links":{"self":[{"href":"https:\/\/www.xn--die-pfeffermhlen-uzb.de\/en\/wp-json\/wp\/v2\/pages\/2740"}],"collection":[{"href":"https:\/\/www.xn--die-pfeffermhlen-uzb.de\/en\/wp-json\/wp\/v2\/pages"}],"about":[{"href":"https:\/\/www.xn--die-pfeffermhlen-uzb.de\/en\/wp-json\/wp\/v2\/types\/page"}],"author":[{"embeddable":true,"href":"https:\/\/www.xn--die-pfeffermhlen-uzb.de\/en\/wp-json\/wp\/v2\/users\/2"}],"replies":[{"embeddable":true,"href":"https:\/\/www.xn--die-pfeffermhlen-uzb.de\/en\/wp-json\/wp\/v2\/comments?post=2740"}],"version-history":[{"count":29,"href":"https:\/\/www.xn--die-pfeffermhlen-uzb.de\/en\/wp-json\/wp\/v2\/pages\/2740\/revisions"}],"predecessor-version":[{"id":4328,"href":"https:\/\/www.xn--die-pfeffermhlen-uzb.de\/en\/wp-json\/wp\/v2\/pages\/2740\/revisions\/4328"}],"up":[{"embeddable":true,"href":"https:\/\/www.xn--die-pfeffermhlen-uzb.de\/en\/wp-json\/wp\/v2\/pages\/2355"}],"wp:attachment":[{"href":"https:\/\/www.xn--die-pfeffermhlen-uzb.de\/en\/wp-json\/wp\/v2\/media?parent=2740"}],"curies":[{"name":"wp","href":"https:\/\/api.w.org\/{rel}","templated":true}]}}