{"id":2355,"date":"2015-05-06T12:50:07","date_gmt":"2015-05-06T12:50:07","guid":{"rendered":"http:\/\/www.xn--die-pfeffermhlen-uzb.de\/?page_id=2355"},"modified":"2024-08-10T13:31:39","modified_gmt":"2024-08-10T13:31:39","slug":"blog","status":"publish","type":"page","link":"https:\/\/www.xn--die-pfeffermhlen-uzb.de\/en\/blog\/","title":{"rendered":"BLOG"},"content":{"rendered":"<p><div id=\"metaslider-id-3398\" style=\"max-width: 700px;\" class=\"ml-slider-3-108-0 metaslider metaslider-flex metaslider-3398 ml-slider ms-theme-default nav-hidden nav-hidden\" role=\"region\" aria-label=\"Neue Diashow\" data-height=\"450\" data-width=\"700\">\n    <div id=\"metaslider_container_3398\">\n        <div id=\"metaslider_3398\" class=\"flexslider\">\n            <ul class='slides'>\n                <li style=\"display: block; width: 100%;\" class=\"slide-3399 ms-image \" aria-roledescription=\"slide\" data-date=\"2016-03-08 17:40:37\" data-filename=\"2-unikate.png\" data-slide-type=\"image\"><img src=\"https:\/\/www.xn--die-pfeffermhlen-uzb.de\/wp-content\/uploads\/2016\/03\/2-unikate.png\" height=\"450\" width=\"700\" alt=\"Woodandform Salz- und Pfefferm\u00fchlen \u2013 Unikate in Handarbeit\" class=\"slider-3398 slide-3399 msDefaultImage\" title=\"Woodandform Salz- und Pfefferm\u00fchlen \u2013 Unikate in Handarbeit\" \/><\/li>\n                <li style=\"display: none; width: 100%;\" class=\"slide-3400 ms-image \" aria-roledescription=\"slide\" data-date=\"2016-03-08 17:40:38\" data-filename=\"2-startmuehle.png\" data-slide-type=\"image\"><img src=\"https:\/\/www.xn--die-pfeffermhlen-uzb.de\/wp-content\/uploads\/2016\/03\/2-startmuehle.png\" height=\"450\" width=\"700\" alt=\"Woodandform Salz- und Pfefferm\u00fchlen \u2013 Unikate aus edlem Holz\" class=\"slider-3398 slide-3400 msDefaultImage\" title=\"Woodandform Salz- und Pfefferm\u00fchlen \u2013 Unikate aus edlem Holz\" \/><\/li>\n                <li style=\"display: none; width: 100%;\" class=\"slide-3401 ms-image \" aria-roledescription=\"slide\" data-date=\"2016-03-08 17:40:40\" data-filename=\"2-pfeffer.png\" data-slide-type=\"image\"><img src=\"https:\/\/www.xn--die-pfeffermhlen-uzb.de\/wp-content\/uploads\/2016\/03\/2-pfeffer.png\" height=\"450\" width=\"700\" alt=\"Woodandform Salz- und Pfefferm\u00fchlen \u2013 Keramikmahlwerk einfach zubef\u00fcllen\" class=\"slider-3398 slide-3401 msDefaultImage\" title=\"Woodandform Salz- und Pfefferm\u00fchlen \u2013 Keramikmahlwerk einfach zubef\u00fcllen\" \/><\/li>\n                <li style=\"display: none; width: 100%;\" class=\"slide-3402 ms-image \" aria-roledescription=\"slide\" data-date=\"2016-03-08 17:40:41\" data-filename=\"2-mahlwerk.png\" data-slide-type=\"image\"><img src=\"https:\/\/www.xn--die-pfeffermhlen-uzb.de\/wp-content\/uploads\/2016\/03\/2-mahlwerk.png\" height=\"450\" width=\"700\" alt=\"Woodandform Salz- und Pfefferm\u00fchlen \u2013 mit hochwertigem Keramikmahlwerk \" class=\"slider-3398 slide-3402 msDefaultImage\" title=\"Woodandform Salz- und Pfefferm\u00fchlen \u2013 mit hochwertigem Keramikmahlwerk \" \/><\/li>\n                <li style=\"display: none; width: 100%;\" class=\"slide-3403 ms-image \" aria-roledescription=\"slide\" data-date=\"2016-03-08 17:40:43\" data-filename=\"2-grundform.png\" data-slide-type=\"image\"><img src=\"https:\/\/www.xn--die-pfeffermhlen-uzb.de\/wp-content\/uploads\/2016\/03\/2-grundform.png\" height=\"450\" width=\"700\" alt=\"Woodandform Salz- und Pfefferm\u00fchlen \u2013 mit quadratischer Grundform\" class=\"slider-3398 slide-3403 msDefaultImage\" title=\"Woodandform Salz- und Pfefferm\u00fchlen \u2013 mit quadratischer Grundform\" \/><\/li>\n                <li style=\"display: none; width: 100%;\" class=\"slide-3404 ms-image \" aria-roledescription=\"slide\" data-date=\"2016-03-08 17:40:44\" data-filename=\"2-amboina.png\" data-slide-type=\"image\"><img src=\"https:\/\/www.xn--die-pfeffermhlen-uzb.de\/wp-content\/uploads\/2016\/03\/2-amboina.png\" height=\"450\" width=\"700\" alt=\"\" class=\"slider-3398 slide-3404 msDefaultImage\" \/><\/li>\n            <\/ul>\n        <\/div>\n        \n    <\/div>\n<\/div><\/p>\n<h1>Pfefferm\u00fchlen-Blog<\/h1>\n<p>In diesem Pfefferm\u00fchlen-Blog finden Sie einige interessante Artikel, die wir zu verschiedenen Themenbereichen wie Holzarten, Mahlwerke, Chilischneider, Salz und Pfeffer, sowie gro\u00dfe Pfefferm\u00fchlen geschrieben haben:<\/p>\n<h2>Woodandform \u2013 das sind wir:<\/h2>\n<p>Holz ist unsere Leidenschaft und unsere Profession.\u00a0Seit langem sind wir auf der Suche nach einer Synthese aus k\u00fcnstlerisch, kreativem Schaffen, umweltbewusstem Handeln und der Herstellung eines n\u00fctzlichen Gebrauchsgegenstandes, der sch\u00f6n und praktisch zugleich ist. <a href=\"http:\/\/www.xn--die-pfeffermhlen-uzb.de\/ueber-uns\/\" target=\"_blank\" rel=\"noopener\"><em>weiterlesen >><\/em><\/a><\/p>\n<h2>Eine Pfefferm\u00fchle aus Walnussholz \u2013 eine echte Alternative zum Tropenholz<\/h2>\n<p>Der Walnussbaum, urspr\u00fcnglich nicht in Mitteleuropa heimisch, wurde jedoch mindestens seit der R\u00f6merzeit viel angepflanzt und ist auch teilweise verwildert. Mit seiner anfangs glatten, aschgrauen Rinde und den langen gefiederten Bl\u00e4ttern wirkt er dennoch etwas exotisch. <em><a href=\"http:\/\/www.xn--die-pfeffermhlen-uzb.de\/die-woodandform-pfeffermuehle-aus-seltenem-holz\/walnussholz\/\" target=\"_blank\" rel=\"noopener\">weiterlesen >><\/a><\/em><\/p>\n<h2>Die Eibe, der magische unsterbliche Baum<\/h2>\n<p>Die Eibe ist der \u00c4lteste in Europa heimische Baum. Es gab sie so schon vor vielen hunderttausend Jahren. Eiben k\u00f6nnen auch aussergew\u00f6hnlich alt werden. Alter bis zu 1500 Jahren sind bekannt, es soll aber auch \u00fcber 5000 Jahre alte Eiben geben. Eine Altersbestimmung ist nicht einfach, da das alte Kernholz meist verfault und alte Eiben j\u00fcngere Ringst\u00e4mme bilden.<br \/>\n<em><a href=\"http:\/\/www.xn--die-pfeffermhlen-uzb.de\/die-woodandform-pfeffermuehle-aus-seltenem-holz\/eibenholz\/\" target=\"_blank\" rel=\"noopener\">weiterlesen >><\/a><\/em><\/p>\n<h2>Woodandform Design Pfefferm\u00fchle aus Olivenholz<\/h2>\n<p>Eine Pfefferm\u00fchle aus Olivenholz ist sehr beliebt. Olivenholz ist so bekannt, dass es oft die erste Frage ist, wenn Menschen die ausgefallenen Maserungen unserer Woodandform Pfefferm\u00fchlen sehen. Es ist jedoch nur ein Holz unter vielen und es gibt viel anderes Holz noch zu entdecken. <em><a href=\"http:\/\/www.xn--die-pfeffermhlen-uzb.de\/die-woodandform-pfeffermuehle-aus-seltenem-holz\/olivenholz\/\" target=\"_blank\" rel=\"noopener\">weiterlesen >><\/a><\/em><\/p>\n<h2>Die Ulme \u2013 der unbekannte Baum<\/h2>\n<p>Obwohl die Ulmen trotz fast 100-j\u00e4hrigem Kampfes gegen den holl\u00e4ndischen Ulmensplintk\u00e4fer noch nicht ausgestorben sind, kennt sie doch fast niemand mehr. Wer weiss schon noch wie das Blatt einer Ulme aussieht? Die Ulme ist der einzige Laubbaum bei dem die Bl\u00fcten und Fr\u00fcchte noch vor den Bl\u00e4ttern wachsen. <em><a href=\"http:\/\/www.xn--die-pfeffermhlen-uzb.de\/die-woodandform-pfeffermuehle-aus-seltenem-holz\/ulmenholz\/\" target=\"_blank\" rel=\"noopener\">weiterlesen >><\/a><\/em><\/p>\n<h2>Die Erfolgs-Story von CrushGrind\u00ae \u2013 dem weltweit besten Keramik-Mahlwerk<\/h2>\n<p>Im Jahr 1991 fand eine kleine unbedeutende Einweg-Pfefferm\u00fchle der Firma \u201cIDEAS of Denmark\u201d den Weg in einen Supermarkt. Die M\u00fchle wurde 15 Jahre zuvor von dem japanischen Erfinder, Mitsui Kamioka entwickelt und es scheint, niemand hatte etwas Besonderes an dem Produkt bemerkt. Der Mechanismus wurde aus Keramik \u00e4hnlich wie altem M\u00f6rtel gemacht. Anfangs waren die Keramikmahlkegel sehr empfindlich und brachen leicht. <em><a href=\"http:\/\/www.xn--die-pfeffermhlen-uzb.de\/mahlwerk-4\/das-geniale-keramik-mahlwerk-von-crushgrind\/\" target=\"_blank\" rel=\"noopener\">weiterlesen >><\/a><\/em><\/p>\n<h2>Pfefferm\u00fchlen von Peugeot mit \u00fcber 150 Jahren Tradition<\/h2>\n<p>Seit die franz\u00f6sische Familie Peugeot vor \u00fcber 170 Jahren (1842), noch lange bevor sie Autos baute, die ersten Pfefferm\u00fchlen entwickelte, hat sich viel getan. Urspr\u00fcnglich als reines K\u00fcchenger\u00e4t entwickelt, ersetzten die M\u00fchlen die M\u00f6rser.<br \/>\n<em><a href=\"http:\/\/www.xn--die-pfeffermhlen-uzb.de\/woodandform-hochwertiges-keramikmahlwerk-von-crushgrind\/interessantes-zum-peugeot-mahlwerk\/\" target=\"_blank\" rel=\"noopener\">weiterlesen >><\/a><\/em><\/p>\n<h2>Pfeffer ist nicht gleich Pfeffer \u2013 nat\u00fcrlich nicht.<\/h2>\n<p>Aber was macht die Vielzahl an Pfeffersorten aus und wof\u00fcr k\u00f6nnen wir Sie verwenden?\u00a0Die Heimat des Pfeffers ist Indien, besonders die Malabark\u00fcste. Im Laufe der Jahrhunderte verbreitete sich der Pfefferanbau auch nach Indonesien, Malaysia und Brasilien. Bis heute sind dies Hauptanbaugebiete des Pfeffers. <em><a href=\"http:\/\/www.xn--die-pfeffermhlen-uzb.de\/pfeffer\/\" target=\"_blank\" rel=\"noopener\">weiterlesen >><\/a><\/em><\/p>\n<h2>Salz mahlen mit M\u00fchlen von Woodandform mit Universal-Keramikmahlwerk<\/h2>\n<p>Warum eigentlich Salz mahlen und nicht einfach einen Salzstreuer benutzen? Diese Frage wird uns manchmal gestellt, wenn wir unsere M\u00fchlen mit dem universal Keramikmahlwerk von CrushGrind\u00ae anbieten.\u00a0Gourmet-K\u00f6che wissen, dass es viele unterschiedliche Salze in unterschiedlichsten Qualit\u00e4ten gibt. <em><a href=\"http:\/\/www.xn--die-pfeffermhlen-uzb.de\/salzmuehlen-von-woodandform-mit-universal-keramikmahlwerk\/\" target=\"_blank\" rel=\"noopener\">weiterlesen >><\/a><\/em><\/p>\n<h2>Eine gro\u00dfe Pfefferm\u00fchle aus Holz<\/h2>\n<p>Immer wieder werden wir gefragt ob wir denn bei Woodandform auch eine gro\u00dfe Pfefferm\u00fchle aus Holz haben. Damit sind dann Gr\u00f6\u00dfen von 40 oder 50 Zentimeter gemeint, auf jeden Fall gr\u00f6\u00dfer als 30 Zentimeter. Ist aber eine gro\u00dfe Pfefferm\u00fchle aus Holz wirklich so attraktiv oder sinnvoll? <em><a href=\"http:\/\/www.xn--die-pfeffermhlen-uzb.de\/woodandform-verarbeitung-und-formgebung-design-pfeffermuehlen\/eine-grosse-pfeffermuehle-aus-holz\/\">weiterlesen >><\/a><\/em><\/p>\n<h2>Ein ideales Hochzeitsgeschenk<\/h2>\n<p>Was muss ein ideales Hochzeitsgeschenk sein, damit es wirklich lange Freude macht? Wenn man im Internet auf den einschl\u00e4gigen Seiten st\u00f6bert findet man eine Menge originelles, witziges und leider auch \u00fcberfl\u00fcssiges Zeug. <em><a href=\"http:\/\/www.xn--die-pfeffermhlen-uzb.de\/blog\/ein-ideales-hochzeitsgeschenk\/\">weiterlesen >><\/a><\/em><\/p>\n<h2>Endlich eine gute Chilim\u00fchle kaufen<\/h2>\n<p>Nach langer Suche wollen Sie nun eine gute Chilim\u00fchle kaufen. Und im Internet findet man ein Menge Informationen und Rezensionen und etliche M\u00fchlen, die sich als spezielle Chilim\u00fchlen ausgeben. Viele Hersteller preisen Ihre Chilim\u00fchlen damit an, dass das Stahlmahlwerk nicht mahlen, sondern die Chilischoten schneiden w\u00fcrde. <em><a href=\"http:\/\/www.xn--die-pfeffermhlen-uzb.de\/blog\/eine-gute-chilimuehle\/\">weiterlesen >><\/a><\/em><\/p>\n<p style=\"text-align: center;\">\u00a0<\/p>\n<p style=\"text-align: center;\">\u00a0<\/p>\n<p style=\"text-align: center;\">\u00a0<\/p>\n<p><\/p>","protected":false},"excerpt":{"rendered":"<p>Pfefferm\u00fchlen-Blog In diesem Pfefferm\u00fchlen-Blog finden Sie einige interessante Artikel, die wir zu verschiedenen Themenbereichen wie Holzarten, Mahlwerke, Chilischneider, Salz und Pfeffer, sowie gro\u00dfe Pfefferm\u00fchlen geschrieben haben: Woodandform \u2013 das sind wir: Holz ist unsere Leidenschaft und unsere Profession.\u00a0Seit langem sind wir auf der Suche nach einer Synthese aus k\u00fcnstlerisch, kreativem Schaffen, umweltbewusstem Handeln und der [&hellip;]<\/p>\n","protected":false},"author":2,"featured_media":0,"parent":0,"menu_order":6,"comment_status":"closed","ping_status":"closed","template":"","meta":[],"_links":{"self":[{"href":"https:\/\/www.xn--die-pfeffermhlen-uzb.de\/en\/wp-json\/wp\/v2\/pages\/2355"}],"collection":[{"href":"https:\/\/www.xn--die-pfeffermhlen-uzb.de\/en\/wp-json\/wp\/v2\/pages"}],"about":[{"href":"https:\/\/www.xn--die-pfeffermhlen-uzb.de\/en\/wp-json\/wp\/v2\/types\/page"}],"author":[{"embeddable":true,"href":"https:\/\/www.xn--die-pfeffermhlen-uzb.de\/en\/wp-json\/wp\/v2\/users\/2"}],"replies":[{"embeddable":true,"href":"https:\/\/www.xn--die-pfeffermhlen-uzb.de\/en\/wp-json\/wp\/v2\/comments?post=2355"}],"version-history":[{"count":31,"href":"https:\/\/www.xn--die-pfeffermhlen-uzb.de\/en\/wp-json\/wp\/v2\/pages\/2355\/revisions"}],"predecessor-version":[{"id":9343,"href":"https:\/\/www.xn--die-pfeffermhlen-uzb.de\/en\/wp-json\/wp\/v2\/pages\/2355\/revisions\/9343"}],"wp:attachment":[{"href":"https:\/\/www.xn--die-pfeffermhlen-uzb.de\/en\/wp-json\/wp\/v2\/media?parent=2355"}],"curies":[{"name":"wp","href":"https:\/\/api.w.org\/{rel}","templated":true}]}}