{"id":2055,"date":"2015-03-02T18:13:12","date_gmt":"2015-03-02T18:13:12","guid":{"rendered":"http:\/\/www.xn--die-pfeffermhlen-uzb.de\/?page_id=2055"},"modified":"2022-07-07T13:16:58","modified_gmt":"2022-07-07T13:16:58","slug":"die-schoensten-pfeffermuehlen-aus-holz","status":"publish","type":"page","link":"https:\/\/www.xn--die-pfeffermhlen-uzb.de\/en\/blog\/die-schoensten\/","title":{"rendered":"DIE SCH\u00d6NSTEN"},"content":{"rendered":"<p><div id=\"metaslider-id-3398\" style=\"max-width: 700px;\" class=\"ml-slider-3-109-0 metaslider metaslider-flex metaslider-3398 ml-slider ms-theme-default nav-hidden nav-hidden\" role=\"region\" aria-label=\"Neue Diashow\" data-height=\"450\" data-width=\"700\">\n    <div id=\"metaslider_container_3398\">\n        <div id=\"metaslider_3398\" class=\"flexslider\">\n            <ul class='slides'>\n                <li style=\"display: block; width: 100%;\" class=\"slide-3399 ms-image \" aria-roledescription=\"slide\" data-date=\"2016-03-08 17:40:37\" data-filename=\"2-unikate.png\" data-slide-type=\"image\"><img src=\"https:\/\/www.xn--die-pfeffermhlen-uzb.de\/wp-content\/uploads\/2016\/03\/2-unikate.png\" height=\"450\" width=\"700\" alt=\"Woodandform Salz- und Pfefferm\u00fchlen \u2013 Unikate in Handarbeit\" class=\"slider-3398 slide-3399 msDefaultImage\" title=\"Woodandform Salz- und Pfefferm\u00fchlen \u2013 Unikate in Handarbeit\" \/><\/li>\n                <li style=\"display: none; width: 100%;\" class=\"slide-3400 ms-image \" aria-roledescription=\"slide\" data-date=\"2016-03-08 17:40:38\" data-filename=\"2-startmuehle.png\" data-slide-type=\"image\"><img src=\"https:\/\/www.xn--die-pfeffermhlen-uzb.de\/wp-content\/uploads\/2016\/03\/2-startmuehle.png\" height=\"450\" width=\"700\" alt=\"Woodandform Salz- und Pfefferm\u00fchlen \u2013 Unikate aus edlem Holz\" class=\"slider-3398 slide-3400 msDefaultImage\" title=\"Woodandform Salz- und Pfefferm\u00fchlen \u2013 Unikate aus edlem Holz\" \/><\/li>\n                <li style=\"display: none; width: 100%;\" class=\"slide-3401 ms-image \" aria-roledescription=\"slide\" data-date=\"2016-03-08 17:40:40\" data-filename=\"2-pfeffer.png\" data-slide-type=\"image\"><img src=\"https:\/\/www.xn--die-pfeffermhlen-uzb.de\/wp-content\/uploads\/2016\/03\/2-pfeffer.png\" height=\"450\" width=\"700\" alt=\"Woodandform Salz- und Pfefferm\u00fchlen \u2013 Keramikmahlwerk einfach zubef\u00fcllen\" class=\"slider-3398 slide-3401 msDefaultImage\" title=\"Woodandform Salz- und Pfefferm\u00fchlen \u2013 Keramikmahlwerk einfach zubef\u00fcllen\" \/><\/li>\n                <li style=\"display: none; width: 100%;\" class=\"slide-3402 ms-image \" aria-roledescription=\"slide\" data-date=\"2016-03-08 17:40:41\" data-filename=\"2-mahlwerk.png\" data-slide-type=\"image\"><img src=\"https:\/\/www.xn--die-pfeffermhlen-uzb.de\/wp-content\/uploads\/2016\/03\/2-mahlwerk.png\" height=\"450\" width=\"700\" alt=\"Woodandform Salz- und Pfefferm\u00fchlen \u2013 mit hochwertigem Keramikmahlwerk \" class=\"slider-3398 slide-3402 msDefaultImage\" title=\"Woodandform Salz- und Pfefferm\u00fchlen \u2013 mit hochwertigem Keramikmahlwerk \" \/><\/li>\n                <li style=\"display: none; width: 100%;\" class=\"slide-3403 ms-image \" aria-roledescription=\"slide\" data-date=\"2016-03-08 17:40:43\" data-filename=\"2-grundform.png\" data-slide-type=\"image\"><img src=\"https:\/\/www.xn--die-pfeffermhlen-uzb.de\/wp-content\/uploads\/2016\/03\/2-grundform.png\" height=\"450\" width=\"700\" alt=\"Woodandform Salz- und Pfefferm\u00fchlen \u2013 mit quadratischer Grundform\" class=\"slider-3398 slide-3403 msDefaultImage\" title=\"Woodandform Salz- und Pfefferm\u00fchlen \u2013 mit quadratischer Grundform\" \/><\/li>\n                <li style=\"display: none; width: 100%;\" class=\"slide-3404 ms-image \" aria-roledescription=\"slide\" data-date=\"2016-03-08 17:40:44\" data-filename=\"2-amboina.png\" data-slide-type=\"image\"><img src=\"https:\/\/www.xn--die-pfeffermhlen-uzb.de\/wp-content\/uploads\/2016\/03\/2-amboina.png\" height=\"450\" width=\"700\" alt=\"\" class=\"slider-3398 slide-3404 msDefaultImage\" \/><\/li>\n            <\/ul>\n        <\/div>\n        \n    <\/div>\n<\/div><\/p>\n<h1>Die sch\u00f6nsten Pfefferm\u00fchlen aus Holz<\/h1>\n<p>Wir bei Woodandform \u2013 Die M\u00fchlenManufaktur lieben Holz und wir sind immer auf der Suche nach seltenen, besonderen und doch meist einheimischen H\u00f6lzern und wir sind stolz auf unsere gro\u00dfe Auswahl au\u00dfergew\u00f6hnlicher Pfefferm\u00fchlen. Selbst nach so vielen Jahren der Arbeit mit diesem wundersch\u00f6nen Material sind wir immer wieder \u00fcberrascht welche Vielfalt an Maserungen und Farbschattierungen zum Vorschein kommt wenn das Holz geschnitten und immer feiner geschliffen wird. Hier im Folgenden eine Auswahl der sch\u00f6nsten Pfefferm\u00fchlen, die wir \u00fcber die Jahre f\u00fcr Sie aus Holz gefertigt haben:<\/p>\n<p><a href=\"http:\/\/www.xn--die-pfeffermhlen-uzb.de\/wp-content\/uploads\/2015\/03\/woodandform-Kirsche-Maserknolle-wz.jpg\"><img decoding=\"async\" loading=\"lazy\" class=\"aligncenter size-full wp-image-2182\" src=\"http:\/\/www.xn--die-pfeffermhlen-uzb.de\/wp-content\/uploads\/2015\/03\/woodandform-Kirsche-Maserknolle-wz.jpg\" alt=\"Woodandform Pfefferm\u00fchle Kirschholz Maserknolle\" width=\"560\" height=\"800\" srcset=\"https:\/\/www.xn--die-pfeffermhlen-uzb.de\/wp-content\/uploads\/2015\/03\/woodandform-Kirsche-Maserknolle-wz.jpg 560w, https:\/\/www.xn--die-pfeffermhlen-uzb.de\/wp-content\/uploads\/2015\/03\/woodandform-Kirsche-Maserknolle-wz-350x500.jpg 350w, https:\/\/www.xn--die-pfeffermhlen-uzb.de\/wp-content\/uploads\/2015\/03\/woodandform-Kirsche-Maserknolle-wz-500x714.jpg 500w, https:\/\/www.xn--die-pfeffermhlen-uzb.de\/wp-content\/uploads\/2015\/03\/woodandform-Kirsche-Maserknolle-wz-210x300.jpg 210w, https:\/\/www.xn--die-pfeffermhlen-uzb.de\/wp-content\/uploads\/2015\/03\/woodandform-Kirsche-Maserknolle-wz-63x90.jpg 63w, https:\/\/www.xn--die-pfeffermhlen-uzb.de\/wp-content\/uploads\/2015\/03\/woodandform-Kirsche-Maserknolle-wz-245x350.jpg 245w\" sizes=\"(max-width: 560px) 100vw, 560px\" \/><\/a><\/p>\n<p>Diese Pfefferm\u00fchle haben wir aus dem Holz eines 150 Jahre alten Kirschbaumes gefertigt. Er hatte einen Durchmesser von \u00fcber 70 cm und war voller Maserknollen. Maserknollen sind nicht immer ganz einfach zu bearbeiten, da sie Risse und Rindenst\u00fccke enthalten, aber das fertige St\u00fcck ist daf\u00fcr umso erstaunlicher.<\/p>\n<p><a href=\"http:\/\/www.xn--die-pfeffermhlen-uzb.de\/wp-content\/uploads\/2015\/03\/woodandform-Olive-Maserknolle-wz.jpg\"><img decoding=\"async\" loading=\"lazy\" class=\"aligncenter size-full wp-image-2183\" src=\"http:\/\/www.xn--die-pfeffermhlen-uzb.de\/wp-content\/uploads\/2015\/03\/woodandform-Olive-Maserknolle-wz.jpg\" alt=\"Woodandform Pfefferm\u00fchle Olivenholz Maserknolle\" width=\"560\" height=\"800\" srcset=\"https:\/\/www.xn--die-pfeffermhlen-uzb.de\/wp-content\/uploads\/2015\/03\/woodandform-Olive-Maserknolle-wz.jpg 560w, https:\/\/www.xn--die-pfeffermhlen-uzb.de\/wp-content\/uploads\/2015\/03\/woodandform-Olive-Maserknolle-wz-350x500.jpg 350w, https:\/\/www.xn--die-pfeffermhlen-uzb.de\/wp-content\/uploads\/2015\/03\/woodandform-Olive-Maserknolle-wz-500x714.jpg 500w, https:\/\/www.xn--die-pfeffermhlen-uzb.de\/wp-content\/uploads\/2015\/03\/woodandform-Olive-Maserknolle-wz-210x300.jpg 210w, https:\/\/www.xn--die-pfeffermhlen-uzb.de\/wp-content\/uploads\/2015\/03\/woodandform-Olive-Maserknolle-wz-63x90.jpg 63w, https:\/\/www.xn--die-pfeffermhlen-uzb.de\/wp-content\/uploads\/2015\/03\/woodandform-Olive-Maserknolle-wz-245x350.jpg 245w\" sizes=\"(max-width: 560px) 100vw, 560px\" \/><\/a><\/p>\n<p>Bei Gourmets und K\u00f6chen gleicherma\u00dfen beliebt ist das Olivenholz. Schon seit Jahrtausenden wird es in Europa f\u00fcr K\u00fcchenutensilien verwendet, da es durch den hohen Harzanteil sehr best\u00e4ndig gegen Wasser ist. Wir verwenden das Holz jahrhundertealter knorriger Olivenb\u00e4ume und nat\u00fcrlich die seltenen Maserknollen. Die fertigen St\u00fccke geh\u00f6ren ganz gewiss zu den sch\u00f6nsten Pfefferm\u00fchlen aus Holz. <a href=\"http:\/\/www.xn--die-pfeffermhlen-uzb.de\/wp-content\/uploads\/2015\/03\/woodandform-Apfel-gestockt-wz2.jpg\"><img decoding=\"async\" loading=\"lazy\" class=\"aligncenter size-full wp-image-2185\" src=\"http:\/\/www.xn--die-pfeffermhlen-uzb.de\/wp-content\/uploads\/2015\/03\/woodandform-Apfel-gestockt-wz2.jpg\" alt=\"Woodandform Pfefferm\u00fchle Apfelholz gestockt\" width=\"560\" height=\"800\" srcset=\"https:\/\/www.xn--die-pfeffermhlen-uzb.de\/wp-content\/uploads\/2015\/03\/woodandform-Apfel-gestockt-wz2.jpg 560w, https:\/\/www.xn--die-pfeffermhlen-uzb.de\/wp-content\/uploads\/2015\/03\/woodandform-Apfel-gestockt-wz2-350x500.jpg 350w, https:\/\/www.xn--die-pfeffermhlen-uzb.de\/wp-content\/uploads\/2015\/03\/woodandform-Apfel-gestockt-wz2-500x714.jpg 500w, https:\/\/www.xn--die-pfeffermhlen-uzb.de\/wp-content\/uploads\/2015\/03\/woodandform-Apfel-gestockt-wz2-210x300.jpg 210w, https:\/\/www.xn--die-pfeffermhlen-uzb.de\/wp-content\/uploads\/2015\/03\/woodandform-Apfel-gestockt-wz2-63x90.jpg 63w, https:\/\/www.xn--die-pfeffermhlen-uzb.de\/wp-content\/uploads\/2015\/03\/woodandform-Apfel-gestockt-wz2-245x350.jpg 245w\" sizes=\"(max-width: 560px) 100vw, 560px\" \/><\/a><\/p>\n<p>Oftmals sehr untersch\u00e4tzt werden die einheimischen Obsth\u00f6lzer. Hier eine Woodandform Pfefferm\u00fchle aus leicht gestocktem Apfelholz. Wir sind immer wieder begeistert welch sch\u00f6ne Maserung und interessante Designs sich bei der Arbeit zeigen. Gerne verwenden wir das Holz mit kleinen \u00c4sten oder Rindenkante.<\/p>\n<p><a href=\"http:\/\/www.xn--die-pfeffermhlen-uzb.de\/wp-content\/uploads\/2015\/03\/woodandform-Esche-Maserknolle-wz2.jpg\"><img decoding=\"async\" loading=\"lazy\" class=\"aligncenter size-full wp-image-2186\" src=\"http:\/\/www.xn--die-pfeffermhlen-uzb.de\/wp-content\/uploads\/2015\/03\/woodandform-Esche-Maserknolle-wz2.jpg\" alt=\"Woodandform Pfefferm\u00fchle Esche Maserknolle\" width=\"560\" height=\"800\" srcset=\"https:\/\/www.xn--die-pfeffermhlen-uzb.de\/wp-content\/uploads\/2015\/03\/woodandform-Esche-Maserknolle-wz2.jpg 560w, https:\/\/www.xn--die-pfeffermhlen-uzb.de\/wp-content\/uploads\/2015\/03\/woodandform-Esche-Maserknolle-wz2-350x500.jpg 350w, https:\/\/www.xn--die-pfeffermhlen-uzb.de\/wp-content\/uploads\/2015\/03\/woodandform-Esche-Maserknolle-wz2-500x714.jpg 500w, https:\/\/www.xn--die-pfeffermhlen-uzb.de\/wp-content\/uploads\/2015\/03\/woodandform-Esche-Maserknolle-wz2-210x300.jpg 210w, https:\/\/www.xn--die-pfeffermhlen-uzb.de\/wp-content\/uploads\/2015\/03\/woodandform-Esche-Maserknolle-wz2-63x90.jpg 63w, https:\/\/www.xn--die-pfeffermhlen-uzb.de\/wp-content\/uploads\/2015\/03\/woodandform-Esche-Maserknolle-wz2-245x350.jpg 245w\" sizes=\"(max-width: 560px) 100vw, 560px\" \/><\/a><\/p>\n<p>Die Maserknollen der Esche aus den heimischen W\u00e4ldern hier bei uns am Chiemsee sind oft eine gro\u00dfe Herausforderung bei der Fertigung da ihre durchbrochenen Strukturen schnell mal ein sch\u00f6nes St\u00fcck Holz am Ende unbrauchbar machen k\u00f6nnen, aber daf\u00fcr sind auch einige unserer beliebtesten und sch\u00f6nsten Pfefferm\u00fchlen aus diesem Holz entstanden.<\/p>\n<p><a href=\"http:\/\/www.xn--die-pfeffermhlen-uzb.de\/wp-content\/uploads\/2015\/03\/woodandform-Eibenholz-wz.jpg\"><img decoding=\"async\" loading=\"lazy\" class=\"aligncenter size-full wp-image-2187\" src=\"http:\/\/www.xn--die-pfeffermhlen-uzb.de\/wp-content\/uploads\/2015\/03\/woodandform-Eibenholz-wz.jpg\" alt=\"Woodandform Pfefferm\u00fchlen aus Eibenholz\" width=\"560\" height=\"800\" srcset=\"https:\/\/www.xn--die-pfeffermhlen-uzb.de\/wp-content\/uploads\/2015\/03\/woodandform-Eibenholz-wz.jpg 560w, https:\/\/www.xn--die-pfeffermhlen-uzb.de\/wp-content\/uploads\/2015\/03\/woodandform-Eibenholz-wz-350x500.jpg 350w, https:\/\/www.xn--die-pfeffermhlen-uzb.de\/wp-content\/uploads\/2015\/03\/woodandform-Eibenholz-wz-500x714.jpg 500w, https:\/\/www.xn--die-pfeffermhlen-uzb.de\/wp-content\/uploads\/2015\/03\/woodandform-Eibenholz-wz-210x300.jpg 210w, https:\/\/www.xn--die-pfeffermhlen-uzb.de\/wp-content\/uploads\/2015\/03\/woodandform-Eibenholz-wz-63x90.jpg 63w, https:\/\/www.xn--die-pfeffermhlen-uzb.de\/wp-content\/uploads\/2015\/03\/woodandform-Eibenholz-wz-245x350.jpg 245w\" sizes=\"(max-width: 560px) 100vw, 560px\" \/><\/a><\/p>\n<p>Das Eibenholz ist sicher eines der aussergew\u00f6hnlichsten der einheimischen H\u00f6lzer aus denen wir unsere sch\u00f6nsten Pfefferm\u00fchlen aus Holz fertigen. Von schlichtem hellen Gelb bis kr\u00e4ftigen Orange-Gold kann das Holz der Eibe Verf\u00e4rbungen von rot blau, lila und magenta aufweisen. Dies sind die seltenen Gl\u00fccksf\u00e4lle bei denen man sich wie ein Schatzsucher f\u00fchlt, der einen besonderen Fund gemacht hat.<\/p>\n<p><a href=\"http:\/\/www.xn--die-pfeffermhlen-uzb.de\/wp-content\/uploads\/2015\/03\/woodandform-Ahorn-Maserknolle-wz.jpg\"><img decoding=\"async\" loading=\"lazy\" class=\"aligncenter size-full wp-image-2188\" src=\"http:\/\/www.xn--die-pfeffermhlen-uzb.de\/wp-content\/uploads\/2015\/03\/woodandform-Ahorn-Maserknolle-wz.jpg\" alt=\"Woodandform Pfefferm\u00fchle Ahorn Maserknolle\" width=\"560\" height=\"800\" srcset=\"https:\/\/www.xn--die-pfeffermhlen-uzb.de\/wp-content\/uploads\/2015\/03\/woodandform-Ahorn-Maserknolle-wz.jpg 560w, https:\/\/www.xn--die-pfeffermhlen-uzb.de\/wp-content\/uploads\/2015\/03\/woodandform-Ahorn-Maserknolle-wz-350x500.jpg 350w, https:\/\/www.xn--die-pfeffermhlen-uzb.de\/wp-content\/uploads\/2015\/03\/woodandform-Ahorn-Maserknolle-wz-500x714.jpg 500w, https:\/\/www.xn--die-pfeffermhlen-uzb.de\/wp-content\/uploads\/2015\/03\/woodandform-Ahorn-Maserknolle-wz-210x300.jpg 210w, https:\/\/www.xn--die-pfeffermhlen-uzb.de\/wp-content\/uploads\/2015\/03\/woodandform-Ahorn-Maserknolle-wz-63x90.jpg 63w, https:\/\/www.xn--die-pfeffermhlen-uzb.de\/wp-content\/uploads\/2015\/03\/woodandform-Ahorn-Maserknolle-wz-245x350.jpg 245w\" sizes=\"(max-width: 560px) 100vw, 560px\" \/><\/a><\/p>\n<p>Die Maserknollen des Ahorn verbl\u00fcffen mit ihren zart rosa und roten Einf\u00e4rbungen und sind so immer wieder eine besondere Augenweide.<\/p>\n<p><a href=\"http:\/\/www.xn--die-pfeffermhlen-uzb.de\/wp-content\/uploads\/2015\/03\/woodandform-Ulme-Maserknolle-wz.jpg\"><img decoding=\"async\" loading=\"lazy\" class=\"aligncenter size-full wp-image-2189\" src=\"http:\/\/www.xn--die-pfeffermhlen-uzb.de\/wp-content\/uploads\/2015\/03\/woodandform-Ulme-Maserknolle-wz.jpg\" alt=\"Woodandform Pfefferm\u00fchle mit Keramikmahlwerk \u2013 Der Porsche Ulme Maserknolle\" width=\"560\" height=\"800\" srcset=\"https:\/\/www.xn--die-pfeffermhlen-uzb.de\/wp-content\/uploads\/2015\/03\/woodandform-Ulme-Maserknolle-wz.jpg 560w, https:\/\/www.xn--die-pfeffermhlen-uzb.de\/wp-content\/uploads\/2015\/03\/woodandform-Ulme-Maserknolle-wz-350x500.jpg 350w, https:\/\/www.xn--die-pfeffermhlen-uzb.de\/wp-content\/uploads\/2015\/03\/woodandform-Ulme-Maserknolle-wz-500x714.jpg 500w, https:\/\/www.xn--die-pfeffermhlen-uzb.de\/wp-content\/uploads\/2015\/03\/woodandform-Ulme-Maserknolle-wz-210x300.jpg 210w, https:\/\/www.xn--die-pfeffermhlen-uzb.de\/wp-content\/uploads\/2015\/03\/woodandform-Ulme-Maserknolle-wz-63x90.jpg 63w, https:\/\/www.xn--die-pfeffermhlen-uzb.de\/wp-content\/uploads\/2015\/03\/woodandform-Ulme-Maserknolle-wz-245x350.jpg 245w\" sizes=\"(max-width: 560px) 100vw, 560px\" \/><\/a><\/p>\n<p>Ulmen geh\u00f6ren inzwischen zu den stark gef\u00e4hrdeten Arten und sind sehr rar geworden in unseren Breiten. Das Holz dieser Woodandform Pfefferm\u00fchle aus Ulmenholz Maserknolle stammt aus Frankreich und lag dort schon fast dreizig Jahre in der Werkstatt eines alten Tischlermeisters. Wir hatten das gro\u00dfe Gl\u00fcck einige dieser besonders sch\u00f6nen alten St\u00fccke zu erwerben.<\/p>\n<p>\u00a0<br \/>\nWeitere sch\u00f6ne Fotos finden Sie auf unserer Seite &#8220;<a href=\"http:\/\/www.xn--die-pfeffermhlen-uzb.de\/die-schoensten-pfeffermuehlen-aus-holz\/presse-und-druck\/\">Hochaufgel\u00f6ste Fotos f\u00fcr Presse und Druck<\/a>&#8220;.<br \/>\n\u00a0<\/p>","protected":false},"excerpt":{"rendered":"<p>Die sch\u00f6nsten Pfefferm\u00fchlen aus Holz Wir bei Woodandform \u2013 Die M\u00fchlenManufaktur lieben Holz und wir sind immer auf der Suche nach seltenen, besonderen und doch meist einheimischen H\u00f6lzern und wir sind stolz auf unsere gro\u00dfe Auswahl au\u00dfergew\u00f6hnlicher Pfefferm\u00fchlen. Selbst nach so vielen Jahren der Arbeit mit diesem wundersch\u00f6nen Material sind wir immer wieder \u00fcberrascht welche [&hellip;]<\/p>\n","protected":false},"author":2,"featured_media":0,"parent":2355,"menu_order":7,"comment_status":"closed","ping_status":"closed","template":"","meta":[],"_links":{"self":[{"href":"https:\/\/www.xn--die-pfeffermhlen-uzb.de\/en\/wp-json\/wp\/v2\/pages\/2055"}],"collection":[{"href":"https:\/\/www.xn--die-pfeffermhlen-uzb.de\/en\/wp-json\/wp\/v2\/pages"}],"about":[{"href":"https:\/\/www.xn--die-pfeffermhlen-uzb.de\/en\/wp-json\/wp\/v2\/types\/page"}],"author":[{"embeddable":true,"href":"https:\/\/www.xn--die-pfeffermhlen-uzb.de\/en\/wp-json\/wp\/v2\/users\/2"}],"replies":[{"embeddable":true,"href":"https:\/\/www.xn--die-pfeffermhlen-uzb.de\/en\/wp-json\/wp\/v2\/comments?post=2055"}],"version-history":[{"count":28,"href":"https:\/\/www.xn--die-pfeffermhlen-uzb.de\/en\/wp-json\/wp\/v2\/pages\/2055\/revisions"}],"predecessor-version":[{"id":8458,"href":"https:\/\/www.xn--die-pfeffermhlen-uzb.de\/en\/wp-json\/wp\/v2\/pages\/2055\/revisions\/8458"}],"up":[{"embeddable":true,"href":"https:\/\/www.xn--die-pfeffermhlen-uzb.de\/en\/wp-json\/wp\/v2\/pages\/2355"}],"wp:attachment":[{"href":"https:\/\/www.xn--die-pfeffermhlen-uzb.de\/en\/wp-json\/wp\/v2\/media?parent=2055"}],"curies":[{"name":"wp","href":"https:\/\/api.w.org\/{rel}","templated":true}]}}