{"id":109,"date":"2013-02-10T15:01:20","date_gmt":"2013-02-10T15:01:20","guid":{"rendered":"http:\/\/www.xn--die-pfeffermhlen-uzb.de\/"},"modified":"2019-10-23T06:22:40","modified_gmt":"2019-10-23T06:22:40","slug":"bestellung-abschliessen","status":"publish","type":"page","link":"https:\/\/www.xn--die-pfeffermhlen-uzb.de\/en\/bestellung\/einfach-bestellen-im-woodandform-online-shop\/bestellung-abschliessen\/","title":{"rendered":"Bestellung abschliessen"},"content":{"rendered":"<p>Hier k\u00f6nnen Sie Ihr Bestellung abschlie\u00dfen. \u00dcberpr\u00fcfen Sie die Bestellung, lesen Sie bitte auch die Widerrufsbelehrung und Best\u00e4tigen Sie den Kauf durch Zahlung.<\/p>\n<p>Zahlen Sie einfach und sicher \u00fcber PayPal.<br \/>\nFalls Sie noch kein PayPal-Konto haben, geht es hier zur <a href=\"http:\/\/www.paypal.de\/de\" target=\"_blank\">Anmeldung bei Paypal<\/a>.<br \/>\nMit Pay-Pal Gastkonto k\u00f6nnen sie kein Geld \u00fcberweisen,<\/p>\n<p>Sie k\u00f6nnen alternativ gerne per Email <a href=\"mailto:info@woodandform.de\">info@woodandform.de<\/a> oder telefonisch (Tel.: +49 (0) 151 55542825) bestellen. Vielen Dank f\u00fcr Ihr Interesse. [show_wp_shopping_cart:] <a title=\"Online-Shop \u2013 Woodandform \u2013 Die M\u00fchlenManufaktur\" href=\"http:\/\/www.die-pfefferm\u00fchlen.de\/einfach-bestellen-im-woodandform-online-shop\/\"><strong>Oder weiter einkaufen<\/strong><\/a> Zum Einkauf lesen Sie bitte unsere <a href=\"http:\/\/www.die-pfefferm\u00fchlen.de\/impressum\/agb\">Allgemeine Gesch\u00e4ftsbedingungen (AGB)<\/a> und die<\/p>\n<div><strong>Widerrufsbelehrung im Online-Handel<\/strong><\/div>\n<p>Widerrufsrecht Sie k\u00f6nnen Ihre Vertragserkl\u00e4rung innerhalb von 14 Tagen ohne Angabe von Gr\u00fcnden in Textform (z. B. Brief, Fax, E-Mail) oder \u2013 wenn Ihnen die Sache vor Fristablauf \u00fcberlassen wird \u2013 auch durch R\u00fccksendung der Sache widerrufen. Die Frist beginnt nach Erhalt dieser Belehrung in Textform, jedoch nicht vor Eingang der Ware beim Empf\u00e4nger (bei der wiederkehrenden Lieferung gleichartiger Waren nicht vor Eingang der ersten Teillieferung) und auch nicht vor Erf\u00fcllung unserer Informationspflichten gem\u00e4\u00df Artikel 246 \u00a7 2 in Verbindung mit \u00a7 1 Absatz 1 und 2 EGBGB\u201c;. Zur Wahrung der Widerrufsfrist gen\u00fcgt die rechtzeitige Absendung des Widerrufs, oder der Sache.<\/p>\n<p>Der Widerruf ist zu richten an:<\/p>\n<p>Wood&amp;Form<br \/>\nD\u00f6rte Leiteritz &amp; Ralf K. Herzig<br \/>\nTel.: +49 (0) 8054 &#8211; 950.97.49<br \/>\nD-83254 Breitbrunn am Chiemsee,<br \/>\nGartenweg 1,<br \/>\nGermany<br \/>\nE-Mail: <a href=\"mailto:%20info@woodandform\">info@woodandform<\/a><\/p>\n<p>Widerrufsfolgen Im Falle eines wirksamen Widerrufs sind die beiderseits empfangenen Leistungen zur\u00fcckzugew\u00e4hren und ggf. gezogene Nutzungen (z. B. Zinsen) herauszugeben. K\u00f6nnen Sie uns die empfangene Leistung sowie Nutzungen (z. B. Gebrauchsvorteile) nicht oder teilweise nicht oder nur in verschlechtertem Zustand zur\u00fcckgew\u00e4hren beziehungsweise herausgeben, m\u00fcssen Sie uns insoweit Wertersatz leisten.<\/p>\n<p>F\u00fcr die Verschlechterung der Sache und f\u00fcr gezogene Nutzungen m\u00fcssen Sie Wertersatz nur leisten, soweit die Nutzungen oder die Verschlechterung auf einen Umgang mit der Sache zur\u00fcckzuf\u00fchren ist, der \u00fcber die Pr\u00fcfung der Eigenschaten und der Funktionsweise hinausgeht. Unter \u201ePr\u00fcfung der Eigenschaften und der Funktionsweise\u201c versteht man das Testen und Ausprobieren der jeweiligen Ware, wie es etwa im Ladengesch\u00e4ft m\u00f6glich und \u00fcblich ist. Paketversandf\u00e4hige Sachen sind auf unsere Kosten und Gefahr zur\u00fcckzusenden. Nicht paketversandf\u00e4hige Sachen werden bei Ihnen abgeholt.<\/p>\n<p>Sie haben die regelm\u00e4\u00dfigen Kosten der R\u00fccksendung zu tragen, wenn die gelieferte Ware der bestellten entspricht und wenn der Preis der zur\u00fcckzusendenden Sache einen Betrag von 40 Euro nicht \u00fcbersteigt oder wenn Sie bei einem h\u00f6heren Preis der Sache zum Zeitpunkt des Widerrufs noch nicht die Gegenleistung oder eine vertraglich vereinbarte Teilzahlung erbracht haben. Anderenfalls ist die R\u00fccksendung f\u00fcr Sie kostenfrei. Verpflichtungen zur Erstattung von Zahlungen m\u00fcssen innerhalb von 30 Tagen erf\u00fcllt werden. Die Frist beginnt f\u00fcr Sie mit der Absendung Ihrer Widerrufserkl\u00e4rung oder der Sache, f\u00fcr uns mit deren Empfang.<\/p>\n<p><em><strong>Ende der Widerrufsbelehrung. <\/strong><\/em><\/p>","protected":false},"excerpt":{"rendered":"<p>Hier k\u00f6nnen Sie Ihr Bestellung abschlie\u00dfen. \u00dcberpr\u00fcfen Sie die Bestellung, lesen Sie bitte auch die Widerrufsbelehrung und Best\u00e4tigen Sie den Kauf durch Zahlung. Zahlen Sie einfach und sicher \u00fcber PayPal. Falls Sie noch kein PayPal-Konto haben, geht es hier zur Anmeldung bei Paypal. Mit Pay-Pal Gastkonto k\u00f6nnen sie kein Geld \u00fcberweisen, Sie k\u00f6nnen alternativ gerne [&hellip;]<\/p>\n","protected":false},"author":2,"featured_media":0,"parent":8,"menu_order":31,"comment_status":"closed","ping_status":"closed","template":"","meta":[],"_links":{"self":[{"href":"https:\/\/www.xn--die-pfeffermhlen-uzb.de\/en\/wp-json\/wp\/v2\/pages\/109"}],"collection":[{"href":"https:\/\/www.xn--die-pfeffermhlen-uzb.de\/en\/wp-json\/wp\/v2\/pages"}],"about":[{"href":"https:\/\/www.xn--die-pfeffermhlen-uzb.de\/en\/wp-json\/wp\/v2\/types\/page"}],"author":[{"embeddable":true,"href":"https:\/\/www.xn--die-pfeffermhlen-uzb.de\/en\/wp-json\/wp\/v2\/users\/2"}],"replies":[{"embeddable":true,"href":"https:\/\/www.xn--die-pfeffermhlen-uzb.de\/en\/wp-json\/wp\/v2\/comments?post=109"}],"version-history":[{"count":15,"href":"https:\/\/www.xn--die-pfeffermhlen-uzb.de\/en\/wp-json\/wp\/v2\/pages\/109\/revisions"}],"predecessor-version":[{"id":5728,"href":"https:\/\/www.xn--die-pfeffermhlen-uzb.de\/en\/wp-json\/wp\/v2\/pages\/109\/revisions\/5728"}],"up":[{"embeddable":true,"href":"https:\/\/www.xn--die-pfeffermhlen-uzb.de\/en\/wp-json\/wp\/v2\/pages\/8"}],"wp:attachment":[{"href":"https:\/\/www.xn--die-pfeffermhlen-uzb.de\/en\/wp-json\/wp\/v2\/media?parent=109"}],"curies":[{"name":"wp","href":"https:\/\/api.w.org\/{rel}","templated":true}]}}