{"id":1076,"date":"2014-06-04T16:47:24","date_gmt":"2014-06-04T16:47:24","guid":{"rendered":"http:\/\/www.xn--die-pfeffermhlen-uzb.de\/?page_id=1076"},"modified":"2020-05-16T13:28:29","modified_gmt":"2020-05-16T13:28:29","slug":"eibenholz","status":"publish","type":"page","link":"https:\/\/www.xn--die-pfeffermhlen-uzb.de\/en\/wood-and-processing\/eibenholz\/","title":{"rendered":"EIBENHOLZ"},"content":{"rendered":"<p><div id=\"metaslider-id-3398\" style=\"max-width: 700px;\" class=\"ml-slider-3-109-0 metaslider metaslider-flex metaslider-3398 ml-slider ms-theme-default nav-hidden nav-hidden\" role=\"region\" aria-label=\"Neue Diashow\" data-height=\"450\" data-width=\"700\">\n    <div id=\"metaslider_container_3398\">\n        <div id=\"metaslider_3398\" class=\"flexslider\">\n            <ul class='slides'>\n                <li style=\"display: block; width: 100%;\" class=\"slide-3399 ms-image \" aria-roledescription=\"slide\" data-date=\"2016-03-08 17:40:37\" data-filename=\"2-unikate.png\" data-slide-type=\"image\"><img src=\"https:\/\/www.xn--die-pfeffermhlen-uzb.de\/wp-content\/uploads\/2016\/03\/2-unikate.png\" height=\"450\" width=\"700\" alt=\"Woodandform Salz- und Pfefferm\u00fchlen \u2013 Unikate in Handarbeit\" class=\"slider-3398 slide-3399 msDefaultImage\" title=\"Woodandform Salz- und Pfefferm\u00fchlen \u2013 Unikate in Handarbeit\" \/><\/li>\n                <li style=\"display: none; width: 100%;\" class=\"slide-3400 ms-image \" aria-roledescription=\"slide\" data-date=\"2016-03-08 17:40:38\" data-filename=\"2-startmuehle.png\" data-slide-type=\"image\"><img src=\"https:\/\/www.xn--die-pfeffermhlen-uzb.de\/wp-content\/uploads\/2016\/03\/2-startmuehle.png\" height=\"450\" width=\"700\" alt=\"Woodandform Salz- und Pfefferm\u00fchlen \u2013 Unikate aus edlem Holz\" class=\"slider-3398 slide-3400 msDefaultImage\" title=\"Woodandform Salz- und Pfefferm\u00fchlen \u2013 Unikate aus edlem Holz\" \/><\/li>\n                <li style=\"display: none; width: 100%;\" class=\"slide-3401 ms-image \" aria-roledescription=\"slide\" data-date=\"2016-03-08 17:40:40\" data-filename=\"2-pfeffer.png\" data-slide-type=\"image\"><img src=\"https:\/\/www.xn--die-pfeffermhlen-uzb.de\/wp-content\/uploads\/2016\/03\/2-pfeffer.png\" height=\"450\" width=\"700\" alt=\"Woodandform Salz- und Pfefferm\u00fchlen \u2013 Keramikmahlwerk einfach zubef\u00fcllen\" class=\"slider-3398 slide-3401 msDefaultImage\" title=\"Woodandform Salz- und Pfefferm\u00fchlen \u2013 Keramikmahlwerk einfach zubef\u00fcllen\" \/><\/li>\n                <li style=\"display: none; width: 100%;\" class=\"slide-3402 ms-image \" aria-roledescription=\"slide\" data-date=\"2016-03-08 17:40:41\" data-filename=\"2-mahlwerk.png\" data-slide-type=\"image\"><img src=\"https:\/\/www.xn--die-pfeffermhlen-uzb.de\/wp-content\/uploads\/2016\/03\/2-mahlwerk.png\" height=\"450\" width=\"700\" alt=\"Woodandform Salz- und Pfefferm\u00fchlen \u2013 mit hochwertigem Keramikmahlwerk \" class=\"slider-3398 slide-3402 msDefaultImage\" title=\"Woodandform Salz- und Pfefferm\u00fchlen \u2013 mit hochwertigem Keramikmahlwerk \" \/><\/li>\n                <li style=\"display: none; width: 100%;\" class=\"slide-3403 ms-image \" aria-roledescription=\"slide\" data-date=\"2016-03-08 17:40:43\" data-filename=\"2-grundform.png\" data-slide-type=\"image\"><img src=\"https:\/\/www.xn--die-pfeffermhlen-uzb.de\/wp-content\/uploads\/2016\/03\/2-grundform.png\" height=\"450\" width=\"700\" alt=\"Woodandform Salz- und Pfefferm\u00fchlen \u2013 mit quadratischer Grundform\" class=\"slider-3398 slide-3403 msDefaultImage\" title=\"Woodandform Salz- und Pfefferm\u00fchlen \u2013 mit quadratischer Grundform\" \/><\/li>\n                <li style=\"display: none; width: 100%;\" class=\"slide-3404 ms-image \" aria-roledescription=\"slide\" data-date=\"2016-03-08 17:40:44\" data-filename=\"2-amboina.png\" data-slide-type=\"image\"><img src=\"https:\/\/www.xn--die-pfeffermhlen-uzb.de\/wp-content\/uploads\/2016\/03\/2-amboina.png\" height=\"450\" width=\"700\" alt=\"\" class=\"slider-3398 slide-3404 msDefaultImage\" \/><\/li>\n            <\/ul>\n        <\/div>\n        \n    <\/div>\n<\/div><\/p>\n<h1>Die Eibe, der magische unsterbliche Baum<\/h1>\n<p>Die Eibe ist der \u00c4lteste in Europa heimische Baum. Es gab sie so schon vor vielen hunderttausend Jahren. Eiben k\u00f6nnen auch aussergew\u00f6hnlich alt werden. Alter bis zu 1500 Jahren sind bekannt, es soll aber auch \u00fcber 5000 Jahre alte Eiben geben. Eine Altersbestimmung ist nicht einfach, da das alte Kernholz meist verfault und alte Eiben j\u00fcngere Ringst\u00e4mme bilden. Eiben haben eine aussergew\u00f6hnliche Regenerationsf\u00e4higkeit und entwickeln ein ungew\u00f6hnlich gro\u00dfes und dichtes Wurzelwerk. Sie wachsen nach grobem R\u00fcckschnitt oder extremer Zerst\u00f6rung immer weiter und gelten als biologisch unsterblich. So galt die ewige Eibe bei den Kelten, Galliern und alten Germanen als Sinnbild f\u00fcr Tod, Wiedergeburt und ewiges Leben.<\/p>\n<p><a href=\"http:\/\/www.xn--die-pfeffermhlen-uzb.de\/wp-content\/uploads\/2014\/06\/3Eiben.jpg\"><img decoding=\"async\" loading=\"lazy\" class=\"alignleft wp-image-1081\" title=\"Woodandform Pfefferm\u00fchlen aus Eibenholz\" src=\"http:\/\/www.xn--die-pfeffermhlen-uzb.de\/wp-content\/uploads\/2014\/06\/3Eiben-1024x487.jpg\" alt=\"Eiben \u2013 magische unsterblichen B\u00e4ume\" width=\"740\" height=\"350\" \/><\/a><\/p>\n<p>Eiben sind bekannt f\u00fcr ihre toxischen Inhaltsstoffe. Es kursiert jedoch viel Halbwissen. So sind vor allem die Rinde, die Nadeln und die Samen sehr giftig, nicht jedoch die essbaren Fr\u00fcchte bzw. fleischigen Samenmantel. Das Holz enth\u00e4lt nur geringe Mengen von den Taxanen genannten Eibenwirkstoffen. Das Holz wird sogar zum Schnitzen von Holzl\u00f6ffeln f\u00fcr Kinder verwendet. Wir m\u00f6gen aber die essbaren Fr\u00fcchte der Eiben und freuen uns daher auf den Herbst.<br \/>\nIn der Medizin werden die Taxane heute zur Behandlung von Krebserkrankungen eingesetzt. So wandelt sich der Mythos der Eibe vom okkulten Baum der Unterwelt und Giftspender f\u00fcr Morde zum Lebensbaum und Lebensretter.<\/p>\n<p>Eiben sind durch Ihre auff\u00e4llige schuppenartige Borke erkennbar. Die Eibe geh\u00f6rt botanisch wie die anderen Nadelb\u00e4ume zu den Koniferen. Das Eibenholz ist f\u00fcr ein Nadelholz sehr hart und gut zu verarbeiten. Eibenholz wurde besonders im Mittelalter intensiv genutzt f\u00fcr die Herstellung von M\u00f6beln, Werkzeugen und Waffen. Die \u00e4lteste, bekannte aus Eibenholz gefertigte Lanzenspitze wurde vor etwa 300.000 Jahren hergestellt. So stammt der Name Eibe auch wahrscheinlich vom althochdeutschen Wort Iwa f\u00fcr Bogen ab.<\/p>\n<p>Gerade wegen ihrem begehrten Holz ist die Eibe selten geworden und steht daher auf der Roten Liste der gef\u00e4hrdeten Arten. Wir bei Woodandform bekommen unser Eibenholz meist aus privaten G\u00e4rten. Das \u00fcberwiegend orange-goldene Holz mit wei\u00dflich-gelbem Splint, dem jungen Holz, \u00fcberrascht uns immer wieder durch imposante rote und magenta Verf\u00e4rbungen, durch die bei Eiben typische einsetzende Kernf\u00e4ule.<\/p>\n<p>S\u00fcdlich vom Ammersee gibt es den letzten deutschen Eibenwald bei Paterzell mit etwa 2000 teilweise sehr alten Eiben. Die \u00e4ltesten und knorigsten alten Eiben kann man in England auf alten Friedh\u00f6fen finden (<a href=\"http:\/\/www.ancient-yew.org\" target=\"_blank\" rel=\"noopener\">www.ancient-yew.org<\/a>).<\/p>\n<p><a href=\"http:\/\/www.xn--die-pfeffermhlen-uzb.de\/wp-content\/uploads\/2014\/06\/eibe-paar1.jpg\"><img decoding=\"async\" loading=\"lazy\" class=\"alignleft wp-image-1092 size-medium\" src=\"http:\/\/www.xn--die-pfeffermhlen-uzb.de\/wp-content\/uploads\/2014\/06\/eibe-paar1-210x300.jpg\" alt=\"Woodandform Pfefferm\u00fchlen aus Eibenholz\" width=\"210\" height=\"300\" srcset=\"https:\/\/www.xn--die-pfeffermhlen-uzb.de\/wp-content\/uploads\/2014\/06\/eibe-paar1-210x300.jpg 210w, https:\/\/www.xn--die-pfeffermhlen-uzb.de\/wp-content\/uploads\/2014\/06\/eibe-paar1-350x500.jpg 350w, https:\/\/www.xn--die-pfeffermhlen-uzb.de\/wp-content\/uploads\/2014\/06\/eibe-paar1-500x714.jpg 500w, https:\/\/www.xn--die-pfeffermhlen-uzb.de\/wp-content\/uploads\/2014\/06\/eibe-paar1-63x90.jpg 63w, https:\/\/www.xn--die-pfeffermhlen-uzb.de\/wp-content\/uploads\/2014\/06\/eibe-paar1-245x350.jpg 245w, https:\/\/www.xn--die-pfeffermhlen-uzb.de\/wp-content\/uploads\/2014\/06\/eibe-paar1.jpg 560w\" sizes=\"(max-width: 210px) 100vw, 210px\" \/><\/a><a href=\"http:\/\/www.xn--die-pfeffermhlen-uzb.de\/wp-content\/uploads\/2014\/06\/4032b-Eibe1.jpg\"><img decoding=\"async\" loading=\"lazy\" class=\"alignleft wp-image-1093 size-medium\" src=\"http:\/\/www.xn--die-pfeffermhlen-uzb.de\/wp-content\/uploads\/2014\/06\/4032b-Eibe1-210x300.jpg\" alt=\"Woodandform Pfefferm\u00fchle aus Eibenholz\" width=\"210\" height=\"300\" srcset=\"https:\/\/www.xn--die-pfeffermhlen-uzb.de\/wp-content\/uploads\/2014\/06\/4032b-Eibe1-210x300.jpg 210w, https:\/\/www.xn--die-pfeffermhlen-uzb.de\/wp-content\/uploads\/2014\/06\/4032b-Eibe1-350x500.jpg 350w, https:\/\/www.xn--die-pfeffermhlen-uzb.de\/wp-content\/uploads\/2014\/06\/4032b-Eibe1-500x714.jpg 500w, https:\/\/www.xn--die-pfeffermhlen-uzb.de\/wp-content\/uploads\/2014\/06\/4032b-Eibe1-63x90.jpg 63w, https:\/\/www.xn--die-pfeffermhlen-uzb.de\/wp-content\/uploads\/2014\/06\/4032b-Eibe1-245x350.jpg 245w, https:\/\/www.xn--die-pfeffermhlen-uzb.de\/wp-content\/uploads\/2014\/06\/4032b-Eibe1.jpg 560w\" sizes=\"(max-width: 210px) 100vw, 210px\" \/><\/a><a href=\"http:\/\/www.xn--die-pfeffermhlen-uzb.de\/wp-content\/uploads\/2014\/06\/2-bunte.jpg\"><img decoding=\"async\" loading=\"lazy\" class=\"alignleft wp-image-1094\" src=\"http:\/\/www.xn--die-pfeffermhlen-uzb.de\/wp-content\/uploads\/2014\/06\/2-bunte-210x300.jpg\" alt=\"Woodandform Pfefferm\u00fchlen aus Eibenholz\" width=\"210\" height=\"300\" srcset=\"https:\/\/www.xn--die-pfeffermhlen-uzb.de\/wp-content\/uploads\/2014\/06\/2-bunte-210x300.jpg 210w, https:\/\/www.xn--die-pfeffermhlen-uzb.de\/wp-content\/uploads\/2014\/06\/2-bunte-350x500.jpg 350w, https:\/\/www.xn--die-pfeffermhlen-uzb.de\/wp-content\/uploads\/2014\/06\/2-bunte-500x714.jpg 500w, https:\/\/www.xn--die-pfeffermhlen-uzb.de\/wp-content\/uploads\/2014\/06\/2-bunte-63x90.jpg 63w, https:\/\/www.xn--die-pfeffermhlen-uzb.de\/wp-content\/uploads\/2014\/06\/2-bunte-245x350.jpg 245w, https:\/\/www.xn--die-pfeffermhlen-uzb.de\/wp-content\/uploads\/2014\/06\/2-bunte.jpg 560w\" sizes=\"(max-width: 210px) 100vw, 210px\" \/><\/a><\/p>\n<p>Gerne fertigen wir unsere sch\u00f6nen Woodandform Pfefferm\u00fchlen aus Eibenholz<\/p>\n<p>Alles Wissenswerte bei <a href=\"http:\/\/de.wikipedia.org\/wiki\/Europ\u00e4ische_Eibe\" target=\"_blank\" rel=\"noopener\">Wikipedia\/Eibe<\/a><\/p>\n<p>Weitere Interessante Links zum Thema Eiben:<\/p>\n<p><a href=\"http:\/\/flexikon.doccheck.com\/de\/Europ%C3%A4ische_Eibe\" target=\"_blank\" rel=\"noopener\">Eibentoxine aus medizinischer Sicht<\/a><\/p>\n<p><a href=\"http:\/\/www.paradisi.de\/Health_und_Ernaehrung\/Verletzungen\/Vergiftungen\/Artikel\/22075_Seite_10.php\" target=\"_blank\" rel=\"noopener\">Pflanzliche Gifte: Taxane<\/a><\/p>\n<p><a href=\"http:\/\/www.chemieunterricht.de\/dc2\/naturst\/eibe.htm\" target=\"_blank\" rel=\"noopener\">Prof. Blumes Chemieunterricht<\/a><\/p>\n<p><a href=\"http:\/\/www.blog.baumschule-2000.de\/taxus-baccata-die-gemeine-eibe-als-immergruene-heckenpflanze\/ \" target=\"_blank\" rel=\"noopener\">Baumschule Blog<\/a><\/p>","protected":false},"excerpt":{"rendered":"<p>Die Eibe, der magische unsterbliche Baum Die Eibe ist der \u00c4lteste in Europa heimische Baum. Es gab sie so schon vor vielen hunderttausend Jahren. Eiben k\u00f6nnen auch aussergew\u00f6hnlich alt werden. Alter bis zu 1500 Jahren sind bekannt, es soll aber auch \u00fcber 5000 Jahre alte Eiben geben. Eine Altersbestimmung ist nicht einfach, da das alte [&hellip;]<\/p>\n","protected":false},"author":2,"featured_media":0,"parent":2,"menu_order":1,"comment_status":"closed","ping_status":"closed","template":"","meta":[],"_links":{"self":[{"href":"https:\/\/www.xn--die-pfeffermhlen-uzb.de\/en\/wp-json\/wp\/v2\/pages\/1076"}],"collection":[{"href":"https:\/\/www.xn--die-pfeffermhlen-uzb.de\/en\/wp-json\/wp\/v2\/pages"}],"about":[{"href":"https:\/\/www.xn--die-pfeffermhlen-uzb.de\/en\/wp-json\/wp\/v2\/types\/page"}],"author":[{"embeddable":true,"href":"https:\/\/www.xn--die-pfeffermhlen-uzb.de\/en\/wp-json\/wp\/v2\/users\/2"}],"replies":[{"embeddable":true,"href":"https:\/\/www.xn--die-pfeffermhlen-uzb.de\/en\/wp-json\/wp\/v2\/comments?post=1076"}],"version-history":[{"count":32,"href":"https:\/\/www.xn--die-pfeffermhlen-uzb.de\/en\/wp-json\/wp\/v2\/pages\/1076\/revisions"}],"predecessor-version":[{"id":6239,"href":"https:\/\/www.xn--die-pfeffermhlen-uzb.de\/en\/wp-json\/wp\/v2\/pages\/1076\/revisions\/6239"}],"up":[{"embeddable":true,"href":"https:\/\/www.xn--die-pfeffermhlen-uzb.de\/en\/wp-json\/wp\/v2\/pages\/2"}],"wp:attachment":[{"href":"https:\/\/www.xn--die-pfeffermhlen-uzb.de\/en\/wp-json\/wp\/v2\/media?parent=1076"}],"curies":[{"name":"wp","href":"https:\/\/api.w.org\/{rel}","templated":true}]}}